{"id":828,"date":"2014-01-14T16:52:38","date_gmt":"2014-01-14T15:52:38","guid":{"rendered":"http:\/\/www.fertilizantesyabonos.com\/francais\/?page_id=828"},"modified":"2022-06-28T11:23:31","modified_gmt":"2022-06-28T10:23:31","slug":"nutrijisa-mix","status":"publish","type":"page","link":"https:\/\/www.fertilizantesyabonos.com\/francais\/nutrijisa-mix\/","title":{"rendered":"Nutrijisa Mix"},"content":{"rendered":"<p>[et_pb_section bb_built=\u00a0\u00bb1&Prime; next_background_color=\u00a0\u00bb#000000&Prime;][et_pb_row][et_pb_column type=\u00a0\u00bb2_5&Prime;][et_pb_image _builder_version=\u00a0\u00bb3.14&Prime; src=\u00a0\u00bbhttps:\/\/www.fertilizantesyabonos.com\/francais\/wp-content\/uploads\/sites\/3\/melange-liquide-d-oligoelements-complexes-nutrijisa-mix.jpg\u00a0\u00bb alt=\u00a0\u00bbM\u00e9lange liquide d\u2019oligo\u00e9l\u00e9ments complex\u00e9s Nutrijisa Mix\u00a0\u00bb title_text=\u00a0\u00bbM\u00e9lange liquide d\u2019oligo\u00e9l\u00e9ments complex\u00e9s Nutrijisa Mix\u00a0\u00bb \/][\/et_pb_column][et_pb_column type=\u00a0\u00bb3_5&Prime;][et_pb_image _builder_version=\u00a0\u00bb3.14&Prime; src=\u00a0\u00bbhttps:\/\/www.fertilizantesyabonos.com\/francais\/wp-content\/uploads\/sites\/3\/logo-nutrijisa-mix.png\u00a0\u00bb align=\u00a0\u00bbcenter\u00a0\u00bb \/][et_pb_text admin_label=\u00a0\u00bbM\u00e9lange liquide d\u2019oligo\u00e9l\u00e9ments complex\u00e9s\u00a0\u00bb _builder_version=\u00a0\u00bb3.14&Prime;]<\/p>\n<h2 style=\"text-align: center;\">M\u00e9lange liquide d\u2019oligo\u00e9l\u00e9ments complex\u00e9s<\/h2>\n<p><strong>NUTRIJISA<\/strong><sup>\u00ae<\/sup> <strong>MIX<\/strong> est une formule liquide d\u2019oligo\u00e9l\u00e9ments complex\u00e9s par de l\u2019acide gluconique pr\u00e9par\u00e9e pour pr\u00e9venir et corriger les \u00e9tats de carences multiples.<\/p>\n<h3>Pourquoi utiliser NUTRIJISA<sup>\u00ae<\/sup>  MIX?<\/h3>\n<ul>\n<li><strong>NUTRIJISA<\/strong><sup>\u00ae<\/sup> <strong>MIX<\/strong> \u00e9vite et corrige les carences provoqu\u00e9es par les d\u00e9ficiences ou manque d\u2019assimilation par la plante des micronutriments qui composent le produit.<\/li>\n<li>Appliqu\u00e9 pendant les diff\u00e9rentes phases de la culture, il maintient les niveaux de ces nutriments dans la plante.<\/li>\n<li>Ce nutriment est pr\u00e9sent dans diff\u00e9rents compos\u00e9s organiques et est un activateur de divers processus enzymatiques de la plante.<\/li>\n<li>Sa formule favorise que ces nutriments soient pr\u00e9sents dans divers compos\u00e9s organiques, agissant comme activateurs de divers processus enzymatiques de la plante.<\/li>\n<\/ul>\n<p><span style=\"color: #92b93a;\">PR\u00c9SENTATION:<\/span> 1, 5 et 20 litres<\/p>\n<p>[\/et_pb_text][\/et_pb_column][\/et_pb_row][et_pb_row][et_pb_column type=\u00a0\u00bb2_3&Prime;][et_pb_text admin_label=\u00a0\u00bbDemande d\u2019information\u00a0\u00bb _builder_version=\u00a0\u00bb3.14&Prime;]<\/p>\n<h2 style=\"text-align: center;\">Demande d\u2019information<\/h2>\n<p>[\/et_pb_text][et_pb_text admin_label=\u00a0\u00bbForme et + produits\u00a0\u00bb _builder_version=\u00a0\u00bb3.14&Prime;]<\/p>\n\n<div class=\"wpcf7 no-js\" id=\"wpcf7-f1560-o1\" lang=\"fr-FR\" dir=\"ltr\" data-wpcf7-id=\"1560\">\n<div class=\"screen-reader-response\"><p role=\"status\" aria-live=\"polite\" aria-atomic=\"true\"><\/p> <ul><\/ul><\/div>\n<form action=\"\/francais\/wp-json\/wp\/v2\/pages\/828#wpcf7-f1560-o1\" method=\"post\" class=\"wpcf7-form init\" aria-label=\"Formulaire de contact\" novalidate=\"novalidate\" data-status=\"init\">\n<fieldset class=\"hidden-fields-container\"><input type=\"hidden\" name=\"_wpcf7\" value=\"1560\" \/><input type=\"hidden\" name=\"_wpcf7_version\" value=\"6.1.5\" \/><input type=\"hidden\" name=\"_wpcf7_locale\" value=\"fr_FR\" \/><input type=\"hidden\" name=\"_wpcf7_unit_tag\" value=\"wpcf7-f1560-o1\" \/><input type=\"hidden\" name=\"_wpcf7_container_post\" value=\"0\" \/><input type=\"hidden\" name=\"_wpcf7_posted_data_hash\" value=\"\" \/>\n<\/fieldset>\n<p>Nom*\n<\/p>\n<p><span class=\"wpcf7-form-control-wrap\" data-name=\"your-name\"><input size=\"40\" maxlength=\"400\" class=\"wpcf7-form-control wpcf7-text wpcf7-validates-as-required\" aria-required=\"true\" aria-invalid=\"false\" value=\"\" type=\"text\" name=\"your-name\" \/><\/span>\n<\/p>\n<p>Soci\u00e9t\u00e9\/Organisation\n<\/p>\n<p><span class=\"wpcf7-form-control-wrap\" data-name=\"empresa\"><input size=\"40\" maxlength=\"400\" class=\"wpcf7-form-control wpcf7-text\" aria-invalid=\"false\" value=\"\" type=\"text\" name=\"empresa\" \/><\/span>\n<\/p>\n<p>Ville*\n<\/p>\n<p><span class=\"wpcf7-form-control-wrap\" data-name=\"poblacion\"><input size=\"40\" maxlength=\"400\" class=\"wpcf7-form-control wpcf7-text wpcf7-validates-as-required\" aria-required=\"true\" aria-invalid=\"false\" value=\"\" type=\"text\" name=\"poblacion\" \/><\/span>\n<\/p>\n<p>T\u00e9l\u00e9phone\n<\/p>\n<p><span class=\"wpcf7-form-control-wrap\" data-name=\"telefono\"><input size=\"40\" maxlength=\"400\" class=\"wpcf7-form-control wpcf7-text\" aria-invalid=\"false\" value=\"\" type=\"text\" name=\"telefono\" \/><\/span>\n<\/p>\n<p>E-mail*\n<\/p>\n<p><span class=\"wpcf7-form-control-wrap\" data-name=\"your-email\"><input size=\"40\" maxlength=\"400\" class=\"wpcf7-form-control wpcf7-email wpcf7-validates-as-required wpcf7-text wpcf7-validates-as-email\" aria-required=\"true\" aria-invalid=\"false\" value=\"\" type=\"email\" name=\"your-email\" \/><\/span>\n<\/p>\n<p>Produit\n<\/p>\n<p><span class=\"wpcf7-form-control-wrap\" data-name=\"your-subject\"><input size=\"40\" maxlength=\"400\" class=\"wpcf7-form-control wpcf7-text\" aria-invalid=\"false\" value=\"\" type=\"text\" name=\"your-subject\" \/><\/span>\n<\/p>\n<p>Message\n<\/p>\n<p><span class=\"wpcf7-form-control-wrap\" data-name=\"your-message\"><textarea cols=\"40\" rows=\"10\" maxlength=\"2000\" class=\"wpcf7-form-control wpcf7-textarea\" aria-invalid=\"false\" name=\"your-message\"><\/textarea><\/span>\n<\/p>\n<p><input class=\"wpcf7-form-control wpcf7-submit has-spinner\" type=\"submit\" value=\"Envoyer\" \/>\n<\/p>\n<p><span class=\"wpcf7-form-control-wrap\" data-name=\"acceptance-173\"><span class=\"wpcf7-form-control wpcf7-acceptance\"><span class=\"wpcf7-list-item\"><label><input type=\"checkbox\" name=\"acceptance-173\" value=\"1\" aria-invalid=\"false\" \/><span class=\"wpcf7-list-item-label\">J'ai lu et j'accepte la <a href=\"https:\/\/www.fertilizantesyabonos.com\/francais\/politique-de-confidentialite-et-de-protection-des-donnees\">Politique de confidentialit\u00e9 et de protection des donn\u00e9es<\/a> et les <a href=\"https:\/\/www.fertilizantesyabonos.com\/francais\/mentions-legales\">Mentions l\u00e9gales<\/a>.*<\/span><\/label><\/span><\/span><\/span>\n<\/p>\n<p><span class=\"wpcf7-form-control-wrap\" data-name=\"acceptance-565\"><span class=\"wpcf7-form-control wpcf7-acceptance\"><span class=\"wpcf7-list-item\"><label><input type=\"checkbox\" name=\"acceptance-565\" value=\"1\" aria-invalid=\"false\" \/><span class=\"wpcf7-list-item-label\">Je consens express\u00e9ment au traitement de mes donn\u00e9es afin de r\u00e9pondre \u00e0 ma demande.*<\/span><\/label><\/span><\/span><\/span>\n<\/p>\n<p style=\"font-size: small\">* Les champs signal\u00e9s par un ast\u00e9risque (*), doivent \u00eatre remplis. Merci de nous aider \u00e0 traiter votre demande.\n<\/p><p style=\"display: none !important;\" class=\"akismet-fields-container\" data-prefix=\"_wpcf7_ak_\"><label>&#916;<textarea name=\"_wpcf7_ak_hp_textarea\" cols=\"45\" rows=\"8\" maxlength=\"100\"><\/textarea><\/label><input type=\"hidden\" id=\"ak_js_1\" name=\"_wpcf7_ak_js\" value=\"33\"\/><script type=\"text\/javascript\">\n\/* <![CDATA[ *\/\ndocument.getElementById( \"ak_js_1\" ).setAttribute( \"value\", ( new Date() ).getTime() );\n\/* ]]> *\/\n<\/script>\n<\/p><div class=\"wpcf7-response-output\" aria-hidden=\"true\"><\/div>\n<\/form>\n<\/div>\n\n<p>[\/et_pb_text][\/et_pb_column][et_pb_column type=\u00a0\u00bb1_3&Prime;][et_pb_text _builder_version=\u00a0\u00bb3.14&Prime; text_orientation=\u00a0\u00bbcenter\u00a0\u00bb]<\/p>\n<h2>+ Correcteurs de carences:<\/h2>\n<p><a title=\"Cupronato\" href=\"https:\/\/www.fertilizantesyabonos.com\/francais\/cupronato\/\">Cupronato<\/a><\/p>\n<p><a title=\"Nutrijisa Boro\" href=\"https:\/\/www.fertilizantesyabonos.com\/francais\/nutrijisa-boro\/\">Nutrijisa Boro<\/a><\/p>\n<p><a title=\"Nutrijisa Calcio\" href=\"https:\/\/www.fertilizantesyabonos.com\/francais\/nutrijisa-calcio\/\">Nutrijisa Calcio<\/a><\/p>\n<p><a title=\"Nutrijisa Calcio Boro\" href=\"https:\/\/www.fertilizantesyabonos.com\/francais\/nutrijisa-calcio-boro\/\">Nutrijisa Calcio Boro<\/a><\/p>\n<p><a title=\"Nutrijisa C\u00edtricos\" href=\"https:\/\/www.fertilizantesyabonos.com\/francais\/nutrijisa-citricos\">Nutrijisa C\u00edtricos<\/a><\/p>\n<p><a title=\"Nutrijisa Ecocal\" href=\"https:\/\/www.fertilizantesyabonos.com\/francais\/nutrijisa-ecocal\/\">Nutrijisa Ecocal<\/a><\/p>\n<p><a title=\"Nutrijisa Hierro\" href=\"https:\/\/www.fertilizantesyabonos.com\/francais\/nutrijisa-hierro\/\">Nutrijisa Hierro<\/a><\/p>\n<p><a title=\"Nutrijisa Magnesio\" href=\"https:\/\/www.fertilizantesyabonos.com\/francais\/nutrijisa-magnesio\/\">Nutrijisa Magnesio<\/a><\/p>\n<p><a title=\"Nutrijisa Molibdeno\" href=\"https:\/\/www.fertilizantesyabonos.com\/francais\/nutrijisa-molibdeno\/\">Nutrijisa Molibdeno<\/a><\/p>\n<p><a title=\"Nutrijisa Optimag\" href=\"https:\/\/www.fertilizantesyabonos.com\/francais\/nutrijisa-optimag\/\">Nutrijisa Optimag<\/a><\/p>\n<p><a title=\"Nutrijisa Zn-Mn\" href=\"https:\/\/www.fertilizantesyabonos.com\/francais\/nutrijisa-zn-mn\/\">Nutrijisa Zn-Mn<\/a><\/p>\n<p>[\/et_pb_text][et_pb_image _builder_version=\u00a0\u00bb3.14&Prime; src=\u00a0\u00bbhttps:\/\/www.fertilizantesyabonos.com\/francais\/wp-content\/uploads\/sites\/3\/correcteurs-de-carences-.jpg\u00a0\u00bb url=\u00a0\u00bbhttps:\/\/www.fertilizantesyabonos.com\/francais\/correcteurs-de-carences\u00a0\u00bb \/][\/et_pb_column][\/et_pb_row][\/et_pb_section][et_pb_section bb_built=\u00a0\u00bb1&Prime; admin_label=\u00a0\u00bbPlant Types\u00a0\u00bb _builder_version=\u00a0\u00bb3.12.2&Prime; border_color_all=\u00a0\u00bb#ffd07e\u00a0\u00bb border_width_right=\u00a0\u00bb3vw\u00a0\u00bb border_color_right=\u00a0\u00bbrgba(0,0,0,0)\u00a0\u00bb border_width_left=\u00a0\u00bb3vw\u00a0\u00bb custom_margin=\u00a0\u00bb|5%|8%|5%||true\u00a0\u00bb custom_margin_tablet=\u00a0\u00bb|0%|0%|0%||true\u00a0\u00bb custom_margin_last_edited=\u00a0\u00bbon|tablet\u00a0\u00bb custom_padding=\u00a0\u00bb|||\u00a0\u00bb prev_background_color=\u00a0\u00bb#000000&Prime;][et_pb_row][et_pb_column type=\u00a0\u00bb4_4&Prime;][et_pb_text admin_label=\u00a0\u00bbAutres sp\u00e9cialit\u00e9s agronutritionnelles JISA\u00a0\u00bb _builder_version=\u00a0\u00bb3.14&Prime; text_orientation=\u00a0\u00bbcenter\u00a0\u00bb]<\/p>\n<h2>Autres sp\u00e9cialit\u00e9s agronutritionnelles JISA<\/h2>\n<p>><\/p>\n<p>[\/et_pb_text][\/et_pb_column][\/et_pb_row][et_pb_row _builder_version=\u00a0\u00bb3.14&Prime;][et_pb_column type=\u00a0\u00bb1_4&Prime;][et_pb_text _builder_version=\u00a0\u00bb3.14&Prime; header_4_font=\u00a0\u00bb|700||on|||||\u00a0\u00bb header_4_font_size=\u00a0\u00bb12px\u00a0\u00bb header_4_letter_spacing=\u00a0\u00bb2px\u00a0\u00bb header_4_line_height=\u00a0\u00bb1.8em\u00a0\u00bb custom_margin=\u00a0\u00bb||15px|\u00a0\u00bb]<\/p>\n<h4>Biostimulants<\/h4>\n<p>[\/et_pb_text][et_pb_image src=\u00a0\u00bbhttps:\/\/www.fertilizantesyabonos.com\/francais\/wp-content\/uploads\/sites\/3\/bioestimulantes.jpg\u00a0\u00bb url=\u00a0\u00bbhttps:\/\/www.fertilizantesyabonos.com\/francais\/biostimulants\/\u00a0\u00bb use_overlay=\u00a0\u00bbon\u00a0\u00bb overlay_icon_color=\u00a0\u00bb#000000&Prime; hover_icon=\u00a0\u00bb%%5%%\u00a0\u00bb force_fullwidth=\u00a0\u00bbon\u00a0\u00bb _builder_version=\u00a0\u00bb3.14&Prime; animation_style=\u00a0\u00bbslide\u00a0\u00bb animation_direction=\u00a0\u00bbbottom\u00a0\u00bb animation_intensity_slide=\u00a0\u00bb5%\u00a0\u00bb \/][\/et_pb_column][et_pb_column type=\u00a0\u00bb1_4&Prime;][et_pb_text _builder_version=\u00a0\u00bb3.14&Prime; header_4_font=\u00a0\u00bb|700||on|||||\u00a0\u00bb header_4_font_size=\u00a0\u00bb12px\u00a0\u00bb header_4_letter_spacing=\u00a0\u00bb2px\u00a0\u00bb header_4_line_height=\u00a0\u00bb1.8em\u00a0\u00bb custom_margin=\u00a0\u00bb||15px|\u00a0\u00bb locked=\u00a0\u00bboff\u00a0\u00bb]<\/p>\n<h4>Amendements du sol<\/h4>\n<p>[\/et_pb_text][et_pb_image src=\u00a0\u00bbhttps:\/\/www.fertilizantesyabonos.com\/francais\/wp-content\/uploads\/sites\/3\/mejoradores-de-suelo.jpg\u00a0\u00bb url=\u00a0\u00bbhttps:\/\/www.fertilizantesyabonos.com\/francais\/amendments-du-sol\u00a0\u00bb use_overlay=\u00a0\u00bbon\u00a0\u00bb overlay_icon_color=\u00a0\u00bb#000000&Prime; hover_icon=\u00a0\u00bb%%5%%\u00a0\u00bb force_fullwidth=\u00a0\u00bbon\u00a0\u00bb _builder_version=\u00a0\u00bb3.14&Prime; animation_style=\u00a0\u00bbslide\u00a0\u00bb animation_direction=\u00a0\u00bbbottom\u00a0\u00bb animation_delay=\u00a0\u00bb100ms\u00a0\u00bb animation_intensity_slide=\u00a0\u00bb5%\u00a0\u00bb locked=\u00a0\u00bboff\u00a0\u00bb \/][\/et_pb_column][et_pb_column type=\u00a0\u00bb1_4&Prime;][et_pb_text _builder_version=\u00a0\u00bb3.14&Prime; header_4_font=\u00a0\u00bb|700||on|||||\u00a0\u00bb header_4_font_size=\u00a0\u00bb12px\u00a0\u00bb header_4_letter_spacing=\u00a0\u00bb2px\u00a0\u00bb header_4_line_height=\u00a0\u00bb1.8em\u00a0\u00bb custom_margin=\u00a0\u00bb||15px|\u00a0\u00bb locked=\u00a0\u00bboff\u00a0\u00bb]<\/p>\n<h4>Nutrition V\u00e9g\u00e9tale<\/h4>\n<p>[\/et_pb_text][et_pb_image src=\u00a0\u00bbhttps:\/\/www.fertilizantesyabonos.com\/francais\/wp-content\/uploads\/sites\/3\/nutricion-vegetal.jpg\u00a0\u00bb url=\u00a0\u00bbhttps:\/\/www.fertilizantesyabonos.com\/francais\/nutrition-vegetale\u00a0\u00bb use_overlay=\u00a0\u00bbon\u00a0\u00bb overlay_icon_color=\u00a0\u00bb#000000&Prime; hover_icon=\u00a0\u00bb%%5%%\u00a0\u00bb force_fullwidth=\u00a0\u00bbon\u00a0\u00bb _builder_version=\u00a0\u00bb3.14&Prime; animation_style=\u00a0\u00bbslide\u00a0\u00bb animation_direction=\u00a0\u00bbbottom\u00a0\u00bb animation_delay=\u00a0\u00bb200ms\u00a0\u00bb animation_intensity_slide=\u00a0\u00bb5%\u00a0\u00bb locked=\u00a0\u00bboff\u00a0\u00bb \/][\/et_pb_column][et_pb_column type=\u00a0\u00bb1_4&Prime;][et_pb_text _builder_version=\u00a0\u00bb3.14&Prime; header_4_font=\u00a0\u00bb|700||on|||||\u00a0\u00bb header_4_font_size=\u00a0\u00bb12px\u00a0\u00bb header_4_letter_spacing=\u00a0\u00bb2px\u00a0\u00bb header_4_line_height=\u00a0\u00bb1.8em\u00a0\u00bb custom_margin=\u00a0\u00bb||15px|\u00a0\u00bb]<\/p>\n<h4>Engrais \u00e9cologiques<\/h4>\n<p>[\/et_pb_text][et_pb_image src=\u00a0\u00bbhttps:\/\/www.fertilizantesyabonos.com\/francais\/wp-content\/uploads\/sites\/3\/abonos-ecologicos-jisa-.jpg\u00a0\u00bb url=\u00a0\u00bbhttps:\/\/www.fertilizantesyabonos.com\/francais\/engrais-ecologiques\u00a0\u00bb use_overlay=\u00a0\u00bbon\u00a0\u00bb overlay_icon_color=\u00a0\u00bb#000000&Prime; hover_icon=\u00a0\u00bb%%5%%\u00a0\u00bb force_fullwidth=\u00a0\u00bbon\u00a0\u00bb _builder_version=\u00a0\u00bb3.14&Prime; animation_style=\u00a0\u00bbslide\u00a0\u00bb animation_direction=\u00a0\u00bbbottom\u00a0\u00bb animation_delay=\u00a0\u00bb200ms\u00a0\u00bb animation_intensity_slide=\u00a0\u00bb5%\u00a0\u00bb \/][\/et_pb_column][\/et_pb_row][\/et_pb_section]<\/p>\n","protected":false},"excerpt":{"rendered":"<p><div class=\"et_pb_row et_pb_row_0 et_pb_row_empty\">\n\t\t\t\t\n\t\t\t\t\n\t\t\t\t\n\t\t\t\t\n\t\t\t\t\n\t\t\t<\/div> M\u00e9lange liquide d\u2019oligo\u00e9l\u00e9ments complex\u00e9s NUTRIJISA\u00ae MIX est une formule liquide d\u2019oligo\u00e9l\u00e9ments complex\u00e9s par de l\u2019acide gluconique pr\u00e9par\u00e9e pour pr\u00e9venir et corriger les \u00e9tats de carences multiples. Pourquoi utiliser NUTRIJISA\u00ae MIX? NUTRIJISA\u00ae MIX \u00e9vite et corrige les carences provoqu\u00e9es par les d\u00e9ficiences ou manque d\u2019assimilation par la plante des micronutriments qui composent le produit. Appliqu\u00e9 [&hellip;]<\/p>\n","protected":false},"author":2,"featured_media":0,"parent":0,"menu_order":0,"comment_status":"open","ping_status":"closed","template":"","meta":{"_et_pb_use_builder":"on","_et_pb_old_content":"","_et_gb_content_width":"","footnotes":""},"class_list":["post-828","page","type-page","status-publish","hentry"],"_links":{"self":[{"href":"https:\/\/www.fertilizantesyabonos.com\/francais\/wp-json\/wp\/v2\/pages\/828","targetHints":{"allow":["GET"]}}],"collection":[{"href":"https:\/\/www.fertilizantesyabonos.com\/francais\/wp-json\/wp\/v2\/pages"}],"about":[{"href":"https:\/\/www.fertilizantesyabonos.com\/francais\/wp-json\/wp\/v2\/types\/page"}],"author":[{"embeddable":true,"href":"https:\/\/www.fertilizantesyabonos.com\/francais\/wp-json\/wp\/v2\/users\/2"}],"replies":[{"embeddable":true,"href":"https:\/\/www.fertilizantesyabonos.com\/francais\/wp-json\/wp\/v2\/comments?post=828"}],"version-history":[{"count":5,"href":"https:\/\/www.fertilizantesyabonos.com\/francais\/wp-json\/wp\/v2\/pages\/828\/revisions"}],"predecessor-version":[{"id":3765,"href":"https:\/\/www.fertilizantesyabonos.com\/francais\/wp-json\/wp\/v2\/pages\/828\/revisions\/3765"}],"wp:attachment":[{"href":"https:\/\/www.fertilizantesyabonos.com\/francais\/wp-json\/wp\/v2\/media?parent=828"}],"curies":[{"name":"wp","href":"https:\/\/api.w.org\/{rel}","templated":true}]}}