{"id":786,"date":"2014-01-14T16:42:48","date_gmt":"2014-01-14T15:42:48","guid":{"rendered":"http:\/\/www.fertilizantesyabonos.com\/francais\/?page_id=786"},"modified":"2023-07-12T06:57:18","modified_gmt":"2023-07-12T05:57:18","slug":"libamin-mix","status":"publish","type":"page","link":"https:\/\/www.fertilizantesyabonos.com\/francais\/libamin-mix\/","title":{"rendered":"Libamin Mix"},"content":{"rendered":"<p>[et_pb_section bb_built=\u00a0\u00bb1&Prime; next_background_color=\u00a0\u00bb#000000&Prime;][et_pb_row][et_pb_column type=\u00a0\u00bb2_5&Prime;][et_pb_image _builder_version=\u00a0\u00bb3.14&Prime; src=\u00a0\u00bbhttps:\/\/www.fertilizantesyabonos.com\/francais\/wp-content\/uploads\/sites\/3\/Libamin-mix-20-y-5-.jpg\u00a0\u00bb \/][\/et_pb_column][et_pb_column type=\u00a0\u00bb3_5&Prime;][et_pb_image _builder_version=\u00a0\u00bb3.14&Prime; src=\u00a0\u00bbhttps:\/\/www.fertilizantesyabonos.com\/francais\/wp-content\/uploads\/sites\/3\/logo-libamin-mix-.png\u00a0\u00bb align=\u00a0\u00bbcenter\u00a0\u00bb max_width=\u00a0\u00bb80%\u00a0\u00bb \/][et_pb_text admin_label=\u00a0\u00bbActivateur du syst\u00e8me radiculaire\u00a0\u00bb _builder_version=\u00a0\u00bb3.14&Prime;]<\/p>\n<h2 style=\"text-align: center;\">Activateur du syst\u00e8me radiculaire<\/h2>\n<p><strong>LIBAMIN MIX<\/strong><sup>\u00ae<\/sup> est une formulation liquide \u00e0 base de NPK avec des oligo\u00e9l\u00e9ments ch\u00e9lat\u00e9s contenant des acides amin\u00e9s pour la stimulation du syst\u00e8me radiculaire.<\/p>\n<h3>Pourquoi utiliser LIBAMIN MIX<sup>\u00ae<\/sup> ?<\/h3>\n<ul>\n<li><strong>LIBAMIN MIX<\/strong><sup>\u00ae<\/sup> est sp\u00e9cialement indiqu\u00e9 pendant la phase d\u2019enracinement apr\u00e8s la plantation et dans les cas o\u00fa la plante a besoin d\u2019un d\u00e9veloppement plus important de la partie radiculaire.<\/li>\n<li>LIBAMIN MIX<sup>\u00ae<\/sup> est pr\u00e9par\u00e9 pour \u00eatre incorpor\u00e9 au sol par tous les syst\u00e8mes d\u2019irrigation et pendant toutes les \u00e9tapes v\u00e9g\u00e9tatives des plantes.<\/li>\n<\/ul>\n<p><span style=\"color: #92b93a;\">PR\u00c9SENTATION:<\/span> 1, 5, 20 et 1.000 litres<\/p>\n<p>[\/et_pb_text][\/et_pb_column][\/et_pb_row][et_pb_row][et_pb_column type=\u00a0\u00bb2_3&Prime;][et_pb_text admin_label=\u00a0\u00bbDemande d\u2019information\u00a0\u00bb _builder_version=\u00a0\u00bb3.14&Prime;]<\/p>\n<h2 style=\"text-align: center;\">Demande d\u2019information<\/h2>\n<p>[\/et_pb_text][et_pb_text admin_label=\u00a0\u00bbForme et + produits\u00a0\u00bb _builder_version=\u00a0\u00bb3.14&Prime;]<\/p>\n\n<div class=\"wpcf7 no-js\" id=\"wpcf7-f1560-o1\" lang=\"fr-FR\" dir=\"ltr\" data-wpcf7-id=\"1560\">\n<div class=\"screen-reader-response\"><p role=\"status\" aria-live=\"polite\" aria-atomic=\"true\"><\/p> <ul><\/ul><\/div>\n<form action=\"\/francais\/wp-json\/wp\/v2\/pages\/786#wpcf7-f1560-o1\" method=\"post\" class=\"wpcf7-form init\" aria-label=\"Formulaire de contact\" novalidate=\"novalidate\" data-status=\"init\">\n<fieldset class=\"hidden-fields-container\"><input type=\"hidden\" name=\"_wpcf7\" value=\"1560\" \/><input type=\"hidden\" name=\"_wpcf7_version\" value=\"6.1.5\" \/><input type=\"hidden\" name=\"_wpcf7_locale\" value=\"fr_FR\" \/><input type=\"hidden\" name=\"_wpcf7_unit_tag\" value=\"wpcf7-f1560-o1\" \/><input type=\"hidden\" name=\"_wpcf7_container_post\" value=\"0\" \/><input type=\"hidden\" name=\"_wpcf7_posted_data_hash\" value=\"\" \/>\n<\/fieldset>\n<p>Nom*\n<\/p>\n<p><span class=\"wpcf7-form-control-wrap\" data-name=\"your-name\"><input size=\"40\" maxlength=\"400\" class=\"wpcf7-form-control wpcf7-text wpcf7-validates-as-required\" aria-required=\"true\" aria-invalid=\"false\" value=\"\" type=\"text\" name=\"your-name\" \/><\/span>\n<\/p>\n<p>Soci\u00e9t\u00e9\/Organisation\n<\/p>\n<p><span class=\"wpcf7-form-control-wrap\" data-name=\"empresa\"><input size=\"40\" maxlength=\"400\" class=\"wpcf7-form-control wpcf7-text\" aria-invalid=\"false\" value=\"\" type=\"text\" name=\"empresa\" \/><\/span>\n<\/p>\n<p>Ville*\n<\/p>\n<p><span class=\"wpcf7-form-control-wrap\" data-name=\"poblacion\"><input size=\"40\" maxlength=\"400\" class=\"wpcf7-form-control wpcf7-text wpcf7-validates-as-required\" aria-required=\"true\" aria-invalid=\"false\" value=\"\" type=\"text\" name=\"poblacion\" \/><\/span>\n<\/p>\n<p>T\u00e9l\u00e9phone\n<\/p>\n<p><span class=\"wpcf7-form-control-wrap\" data-name=\"telefono\"><input size=\"40\" maxlength=\"400\" class=\"wpcf7-form-control wpcf7-text\" aria-invalid=\"false\" value=\"\" type=\"text\" name=\"telefono\" \/><\/span>\n<\/p>\n<p>E-mail*\n<\/p>\n<p><span class=\"wpcf7-form-control-wrap\" data-name=\"your-email\"><input size=\"40\" maxlength=\"400\" class=\"wpcf7-form-control wpcf7-email wpcf7-validates-as-required wpcf7-text wpcf7-validates-as-email\" aria-required=\"true\" aria-invalid=\"false\" value=\"\" type=\"email\" name=\"your-email\" \/><\/span>\n<\/p>\n<p>Produit\n<\/p>\n<p><span class=\"wpcf7-form-control-wrap\" data-name=\"your-subject\"><input size=\"40\" maxlength=\"400\" class=\"wpcf7-form-control wpcf7-text\" aria-invalid=\"false\" value=\"\" type=\"text\" name=\"your-subject\" \/><\/span>\n<\/p>\n<p>Message\n<\/p>\n<p><span class=\"wpcf7-form-control-wrap\" data-name=\"your-message\"><textarea cols=\"40\" rows=\"10\" maxlength=\"2000\" class=\"wpcf7-form-control wpcf7-textarea\" aria-invalid=\"false\" name=\"your-message\"><\/textarea><\/span>\n<\/p>\n<p><input class=\"wpcf7-form-control wpcf7-submit has-spinner\" type=\"submit\" value=\"Envoyer\" \/>\n<\/p>\n<p><span class=\"wpcf7-form-control-wrap\" data-name=\"acceptance-173\"><span class=\"wpcf7-form-control wpcf7-acceptance\"><span class=\"wpcf7-list-item\"><label><input type=\"checkbox\" name=\"acceptance-173\" value=\"1\" aria-invalid=\"false\" \/><span class=\"wpcf7-list-item-label\">J'ai lu et j'accepte la <a href=\"https:\/\/www.fertilizantesyabonos.com\/francais\/politique-de-confidentialite-et-de-protection-des-donnees\">Politique de confidentialit\u00e9 et de protection des donn\u00e9es<\/a> et les <a href=\"https:\/\/www.fertilizantesyabonos.com\/francais\/mentions-legales\">Mentions l\u00e9gales<\/a>.*<\/span><\/label><\/span><\/span><\/span>\n<\/p>\n<p><span class=\"wpcf7-form-control-wrap\" data-name=\"acceptance-565\"><span class=\"wpcf7-form-control wpcf7-acceptance\"><span class=\"wpcf7-list-item\"><label><input type=\"checkbox\" name=\"acceptance-565\" value=\"1\" aria-invalid=\"false\" \/><span class=\"wpcf7-list-item-label\">Je consens express\u00e9ment au traitement de mes donn\u00e9es afin de r\u00e9pondre \u00e0 ma demande.*<\/span><\/label><\/span><\/span><\/span>\n<\/p>\n<p style=\"font-size: small\">* Les champs signal\u00e9s par un ast\u00e9risque (*), doivent \u00eatre remplis. Merci de nous aider \u00e0 traiter votre demande.\n<\/p><p style=\"display: none !important;\" class=\"akismet-fields-container\" data-prefix=\"_wpcf7_ak_\"><label>&#916;<textarea name=\"_wpcf7_ak_hp_textarea\" cols=\"45\" rows=\"8\" maxlength=\"100\"><\/textarea><\/label><input type=\"hidden\" id=\"ak_js_1\" name=\"_wpcf7_ak_js\" value=\"141\"\/><script>document.getElementById( \"ak_js_1\" ).setAttribute( \"value\", ( new Date() ).getTime() );<\/script><\/p><div class=\"wpcf7-response-output\" aria-hidden=\"true\"><\/div>\n<\/form>\n<\/div>\n\n<p>[\/et_pb_text][\/et_pb_column][et_pb_column type=\u00a0\u00bb1_3&Prime;][et_pb_text _builder_version=\u00a0\u00bb3.14&Prime; text_orientation=\u00a0\u00bbcenter\u00a0\u00bb]<\/p>\n<h2>+ Fertilisants avec Acides amin\u00e9s:<\/h2>\n<p><a title=\"Jisabiol\" href=\"https:\/\/www.fertilizantesyabonos.com\/francais\/jisabiol\/\">Jisabiol<\/a><\/p>\n<p><a title=\"Libamin amino\u00e1cidos\" href=\"https:\/\/www.fertilizantesyabonos.com\/francais\/libamin-aminoacidos\/\">Libamin amino\u00e1cidos<\/a><\/p>\n<p><a title=\"Vegetamin 24\" href=\"https:\/\/www.fertilizantesyabonos.com\/francais\/vegetamin-24\/\">Vegetamin 24<\/a><\/p>\n<p><a title=\"Vegetamin Eco\" href=\"https:\/\/www.fertilizantesyabonos.com\/francais\/vegetamin-eco\/\">Vegetamin Eco<\/a><\/p>\n<p>[\/et_pb_text][et_pb_image _builder_version=\u00a0\u00bb3.14&Prime; src=\u00a0\u00bbhttps:\/\/www.fertilizantesyabonos.com\/francais\/wp-content\/uploads\/sites\/3\/acides-amines-.jpg\u00a0\u00bb url=\u00a0\u00bbhttps:\/\/www.fertilizantesyabonos.com\/francais\/acides-amines\u00a0\u00bb \/][\/et_pb_column][\/et_pb_row][\/et_pb_section][et_pb_section bb_built=\u00a0\u00bb1&Prime; admin_label=\u00a0\u00bbPlant Types\u00a0\u00bb _builder_version=\u00a0\u00bb3.12.2&Prime; border_color_all=\u00a0\u00bb#ffd07e\u00a0\u00bb border_width_right=\u00a0\u00bb3vw\u00a0\u00bb border_color_right=\u00a0\u00bbrgba(0,0,0,0)\u00a0\u00bb border_width_left=\u00a0\u00bb3vw\u00a0\u00bb custom_margin=\u00a0\u00bb|5%|8%|5%||true\u00a0\u00bb custom_margin_tablet=\u00a0\u00bb|0%|0%|0%||true\u00a0\u00bb custom_margin_last_edited=\u00a0\u00bbon|tablet\u00a0\u00bb custom_padding=\u00a0\u00bb|||\u00a0\u00bb prev_background_color=\u00a0\u00bb#000000&Prime;][et_pb_row][et_pb_column type=\u00a0\u00bb4_4&Prime;][et_pb_text admin_label=\u00a0\u00bbAutres sp\u00e9cialit\u00e9s agronutritionnelles JISA\u00a0\u00bb _builder_version=\u00a0\u00bb3.14&Prime; text_orientation=\u00a0\u00bbcenter\u00a0\u00bb]<\/p>\n<h2>Autres sp\u00e9cialit\u00e9s agronutritionnelles JISA<\/h2>\n<p>[\/et_pb_text][\/et_pb_column][\/et_pb_row][et_pb_row _builder_version=\u00a0\u00bb3.14&Prime;][et_pb_column type=\u00a0\u00bb1_4&Prime;][et_pb_text _builder_version=\u00a0\u00bb3.14&Prime; header_4_font=\u00a0\u00bb|700||on|||||\u00a0\u00bb header_4_font_size=\u00a0\u00bb12px\u00a0\u00bb header_4_letter_spacing=\u00a0\u00bb2px\u00a0\u00bb header_4_line_height=\u00a0\u00bb1.8em\u00a0\u00bb custom_margin=\u00a0\u00bb||15px|\u00a0\u00bb]<\/p>\n<h4>Biostimulants<\/h4>\n<p>[\/et_pb_text][et_pb_image src=\u00a0\u00bbhttps:\/\/www.fertilizantesyabonos.com\/francais\/wp-content\/uploads\/sites\/3\/bioestimulantes.jpg\u00a0\u00bb url=\u00a0\u00bbhttps:\/\/www.fertilizantesyabonos.com\/francais\/biostimulants\/\u00a0\u00bb use_overlay=\u00a0\u00bbon\u00a0\u00bb overlay_icon_color=\u00a0\u00bb#000000&Prime; hover_icon=\u00a0\u00bb%%5%%\u00a0\u00bb force_fullwidth=\u00a0\u00bbon\u00a0\u00bb _builder_version=\u00a0\u00bb3.14&Prime; animation_style=\u00a0\u00bbslide\u00a0\u00bb animation_direction=\u00a0\u00bbbottom\u00a0\u00bb animation_intensity_slide=\u00a0\u00bb5%\u00a0\u00bb \/][\/et_pb_column][et_pb_column type=\u00a0\u00bb1_4&Prime;][et_pb_text _builder_version=\u00a0\u00bb3.14&Prime; header_4_font=\u00a0\u00bb|700||on|||||\u00a0\u00bb header_4_font_size=\u00a0\u00bb12px\u00a0\u00bb header_4_letter_spacing=\u00a0\u00bb2px\u00a0\u00bb header_4_line_height=\u00a0\u00bb1.8em\u00a0\u00bb custom_margin=\u00a0\u00bb||15px|\u00a0\u00bb locked=\u00a0\u00bboff\u00a0\u00bb]<\/p>\n<h4>Amendements du sol<\/h4>\n<p>[\/et_pb_text][et_pb_image src=\u00a0\u00bbhttps:\/\/www.fertilizantesyabonos.com\/francais\/wp-content\/uploads\/sites\/3\/mejoradores-de-suelo.jpg\u00a0\u00bb url=\u00a0\u00bbhttps:\/\/www.fertilizantesyabonos.com\/francais\/amendments-du-sol\u00a0\u00bb use_overlay=\u00a0\u00bbon\u00a0\u00bb overlay_icon_color=\u00a0\u00bb#000000&Prime; hover_icon=\u00a0\u00bb%%5%%\u00a0\u00bb force_fullwidth=\u00a0\u00bbon\u00a0\u00bb _builder_version=\u00a0\u00bb3.14&Prime; animation_style=\u00a0\u00bbslide\u00a0\u00bb animation_direction=\u00a0\u00bbbottom\u00a0\u00bb animation_delay=\u00a0\u00bb100ms\u00a0\u00bb animation_intensity_slide=\u00a0\u00bb5%\u00a0\u00bb locked=\u00a0\u00bboff\u00a0\u00bb \/][\/et_pb_column][et_pb_column type=\u00a0\u00bb1_4&Prime;][et_pb_text _builder_version=\u00a0\u00bb3.14&Prime; header_4_font=\u00a0\u00bb|700||on|||||\u00a0\u00bb header_4_font_size=\u00a0\u00bb12px\u00a0\u00bb header_4_letter_spacing=\u00a0\u00bb2px\u00a0\u00bb header_4_line_height=\u00a0\u00bb1.8em\u00a0\u00bb custom_margin=\u00a0\u00bb||15px|\u00a0\u00bb locked=\u00a0\u00bboff\u00a0\u00bb]<\/p>\n<h4>Nutrition V\u00e9g\u00e9tale<\/h4>\n<p>[\/et_pb_text][et_pb_image src=\u00a0\u00bbhttps:\/\/www.fertilizantesyabonos.com\/francais\/wp-content\/uploads\/sites\/3\/nutricion-vegetal.jpg\u00a0\u00bb url=\u00a0\u00bbhttps:\/\/www.fertilizantesyabonos.com\/francais\/nutrition-vegetale\u00a0\u00bb use_overlay=\u00a0\u00bbon\u00a0\u00bb overlay_icon_color=\u00a0\u00bb#000000&Prime; hover_icon=\u00a0\u00bb%%5%%\u00a0\u00bb force_fullwidth=\u00a0\u00bbon\u00a0\u00bb _builder_version=\u00a0\u00bb3.14&Prime; animation_style=\u00a0\u00bbslide\u00a0\u00bb animation_direction=\u00a0\u00bbbottom\u00a0\u00bb animation_delay=\u00a0\u00bb200ms\u00a0\u00bb animation_intensity_slide=\u00a0\u00bb5%\u00a0\u00bb locked=\u00a0\u00bboff\u00a0\u00bb \/][\/et_pb_column][et_pb_column type=\u00a0\u00bb1_4&Prime;][et_pb_text _builder_version=\u00a0\u00bb3.14&Prime; header_4_font=\u00a0\u00bb|700||on|||||\u00a0\u00bb header_4_font_size=\u00a0\u00bb12px\u00a0\u00bb header_4_letter_spacing=\u00a0\u00bb2px\u00a0\u00bb header_4_line_height=\u00a0\u00bb1.8em\u00a0\u00bb custom_margin=\u00a0\u00bb||15px|\u00a0\u00bb]<\/p>\n<h4>Engrais \u00e9cologiques<\/h4>\n<p>[\/et_pb_text][et_pb_image src=\u00a0\u00bbhttps:\/\/www.fertilizantesyabonos.com\/francais\/wp-content\/uploads\/sites\/3\/abonos-ecologicos-jisa-.jpg\u00a0\u00bb url=\u00a0\u00bbhttps:\/\/www.fertilizantesyabonos.com\/francais\/engrais-ecologiques\u00a0\u00bb use_overlay=\u00a0\u00bbon\u00a0\u00bb overlay_icon_color=\u00a0\u00bb#000000&Prime; hover_icon=\u00a0\u00bb%%5%%\u00a0\u00bb force_fullwidth=\u00a0\u00bbon\u00a0\u00bb _builder_version=\u00a0\u00bb3.14&Prime; animation_style=\u00a0\u00bbslide\u00a0\u00bb animation_direction=\u00a0\u00bbbottom\u00a0\u00bb animation_delay=\u00a0\u00bb200ms\u00a0\u00bb animation_intensity_slide=\u00a0\u00bb5%\u00a0\u00bb \/][\/et_pb_column][\/et_pb_row][\/et_pb_section]<\/p>\n","protected":false},"excerpt":{"rendered":"<p><div class=\"et_pb_row et_pb_row_0 et_pb_row_empty\">\n\t\t\t\t\n\t\t\t\t\n\t\t\t\t\n\t\t\t\t\n\t\t\t\t\n\t\t\t<\/div> Activateur du syst\u00e8me radiculaire LIBAMIN MIX\u00ae est une formulation liquide \u00e0 base de NPK avec des oligo\u00e9l\u00e9ments ch\u00e9lat\u00e9s contenant des acides amin\u00e9s pour la stimulation du syst\u00e8me radiculaire. Pourquoi utiliser LIBAMIN MIX\u00ae ? LIBAMIN MIX\u00ae est sp\u00e9cialement indiqu\u00e9 pendant la phase d\u2019enracinement apr\u00e8s la plantation et dans les cas o\u00fa la plante a besoin [&hellip;]<\/p>\n","protected":false},"author":2,"featured_media":0,"parent":0,"menu_order":0,"comment_status":"open","ping_status":"closed","template":"","meta":{"_et_pb_use_builder":"on","_et_pb_old_content":"","_et_gb_content_width":"","footnotes":""},"class_list":["post-786","page","type-page","status-publish","hentry"],"_links":{"self":[{"href":"https:\/\/www.fertilizantesyabonos.com\/francais\/wp-json\/wp\/v2\/pages\/786","targetHints":{"allow":["GET"]}}],"collection":[{"href":"https:\/\/www.fertilizantesyabonos.com\/francais\/wp-json\/wp\/v2\/pages"}],"about":[{"href":"https:\/\/www.fertilizantesyabonos.com\/francais\/wp-json\/wp\/v2\/types\/page"}],"author":[{"embeddable":true,"href":"https:\/\/www.fertilizantesyabonos.com\/francais\/wp-json\/wp\/v2\/users\/2"}],"replies":[{"embeddable":true,"href":"https:\/\/www.fertilizantesyabonos.com\/francais\/wp-json\/wp\/v2\/comments?post=786"}],"version-history":[{"count":3,"href":"https:\/\/www.fertilizantesyabonos.com\/francais\/wp-json\/wp\/v2\/pages\/786\/revisions"}],"predecessor-version":[{"id":3902,"href":"https:\/\/www.fertilizantesyabonos.com\/francais\/wp-json\/wp\/v2\/pages\/786\/revisions\/3902"}],"wp:attachment":[{"href":"https:\/\/www.fertilizantesyabonos.com\/francais\/wp-json\/wp\/v2\/media?parent=786"}],"curies":[{"name":"wp","href":"https:\/\/api.w.org\/{rel}","templated":true}]}}