{"id":775,"date":"2014-01-14T16:38:09","date_gmt":"2014-01-14T15:38:09","guid":{"rendered":"http:\/\/www.fertilizantesyabonos.com\/francais\/?page_id=775"},"modified":"2022-06-23T14:44:49","modified_gmt":"2022-06-23T13:44:49","slug":"molex","status":"publish","type":"page","link":"https:\/\/www.fertilizantesyabonos.com\/francais\/molex\/","title":{"rendered":"Molex"},"content":{"rendered":"<p>[et_pb_section bb_built=\u00a0\u00bb1&Prime; next_background_color=\u00a0\u00bb#000000&Prime;][et_pb_row][et_pb_column type=\u00a0\u00bb2_5&Prime;][et_pb_image _builder_version=\u00a0\u00bb3.14&Prime; src=\u00a0\u00bbhttps:\/\/www.fertilizantesyabonos.com\/francais\/wp-content\/uploads\/sites\/3\/matie\u0300re-organique-e\u0301cologique-d\u2019origine-ve\u0301ge\u0301tale-molex.jpg\u00a0\u00bb alt=\u00a0\u00bbMatie\u0300re organique e\u0301cologique d\u2019origine ve\u0301ge\u0301tale Molex\u00a0\u00bb title_text=\u00a0\u00bbMatie\u0300re organique e\u0301cologique d\u2019origine ve\u0301ge\u0301tale Molex\u00a0\u00bb \/][\/et_pb_column][et_pb_column type=\u00a0\u00bb3_5&Prime;][et_pb_image _builder_version=\u00a0\u00bb3.14&Prime; src=\u00a0\u00bbhttps:\/\/www.fertilizantesyabonos.com\/francais\/wp-content\/uploads\/sites\/3\/logo-molex-.png\u00a0\u00bb align=\u00a0\u00bbcenter\u00a0\u00bb max_width=\u00a0\u00bb60%\u00a0\u00bb \/][et_pb_text admin_label=\u00a0\u00bbMati\u00e8re organique \u00e9cologique d\u2019origine v\u00e9g\u00e9tale\u00a0\u00bb _builder_version=\u00a0\u00bb3.14&Prime;]<\/p>\n<h2 style=\"text-align: center;\">Mati\u00e8re organique \u00e9cologique d\u2019origine v\u00e9g\u00e9tale<\/h2>\n<p><strong>MOLEX<\/strong><sup>\u00ae<\/sup> est un produit de haute qualit\u00e9 riche en mati\u00e8re organique \u00e9cologique. La pr\u00e9sentation sous forme liquide facilite son incorporation au sol gr\u00e2ce aux modernes syst\u00e8mes d\u2019irrigation et une parfaite distribution du produit.<\/p>\n<h3>Pourquoi utiliser MOLEX<sup>\u00ae<\/sup> ?<\/h3>\n<ul>\n<li>Sa mati\u00e8re organique am\u00e9liore les caract\u00e9ristiques physiques, chimiques et biologiques du complexe argilo-humique, ce qui contribue \u00e0 maintenir un niveau ad\u00e9quat d\u2019humus.<\/li>\n<li>Gr\u00e2ce \u00e0 son application, l\u2019humus augmente la capacit\u00e9 d\u2019\u00e9change des ions du sol, source de r\u00e9serve de nutriments pour la plante et favorise l\u2019assimilations des engrais min\u00e9raux.<\/li>\n<\/ul>\n<p><span style=\"color: #92b93a;\">PR\u00c9SENTATION:<\/span> 1, 5, 20 et 1.000 litres<\/p>\n<p><strong>MOLEX<\/strong><sup>\u00ae<\/sup> est un activateur des microorganismes du sol et fortifie la plante face aux possibles conditions environnementales, temp\u00e9ratures et humidit\u00e9s extr\u00eames.<\/p>\n<p>[\/et_pb_text][\/et_pb_column][\/et_pb_row][et_pb_row][et_pb_column type=\u00a0\u00bb1_5&Prime;][et_pb_image _builder_version=\u00a0\u00bb3.14&Prime; src=\u00a0\u00bbhttps:\/\/www.fertilizantesyabonos.com\/francais\/wp-content\/uploads\/sites\/3\/eco.jpg\u00a0\u00bb custom_margin=\u00a0\u00bb||20px|\u00a0\u00bb disabled_on=\u00a0\u00bboff|off|off\u00a0\u00bb disabled=\u00a0\u00bboff\u00a0\u00bb \/][\/et_pb_column][et_pb_column type=\u00a0\u00bb3_5&Prime;][et_pb_text admin_label=\u00a0\u00bb\u00c0 travers l\u2019Organisme de Control et Certification International CAAE\u00a0\u00bb _builder_version=\u00a0\u00bb3.14&Prime; custom_margin=\u00a0\u00bb||20px|\u00a0\u00bb]<\/p>\n<p><em>\u00c0 travers l\u2019Organisme de Control et Certification International CAAE, ce produit poss\u00e8de la Confirmation de Compatibilit\u00e9 pour \u00ab\u00a0utilisation d\u2019intrant en agriculture biologique\u00a0\u00bb. Produit certifi\u00e9 et compatible avec les programmes de gestion int\u00e9gr\u00e9e et production biologique.<\/em><\/p>\n<p>[\/et_pb_text][\/et_pb_column][et_pb_column type=\u00a0\u00bb1_5&Prime;][et_pb_image _builder_version=\u00a0\u00bb3.14&Prime; src=\u00a0\u00bbhttps:\/\/www.fertilizantesyabonos.com\/francais\/wp-content\/uploads\/sites\/3\/produits-biologiques-caae.png\u00a0\u00bb align=\u00a0\u00bbcenter\u00a0\u00bb max_width=\u00a0\u00bb65%\u00a0\u00bb module_alignment=\u00a0\u00bbcenter\u00a0\u00bb custom_margin=\u00a0\u00bb-30px|||\u00a0\u00bb saved_tabs=\u00a0\u00bball\u00a0\u00bb \/][\/et_pb_column][\/et_pb_row][et_pb_row _builder_version=\u00a0\u00bb3.14&Prime;][et_pb_column type=\u00a0\u00bb2_3&Prime;][et_pb_text admin_label=\u00a0\u00bbDemande d\u2019information\u00a0\u00bb _builder_version=\u00a0\u00bb3.14&Prime;]<\/p>\n<h2 style=\"text-align: center;\">Demande d\u2019information<\/h2>\n<p>[\/et_pb_text][et_pb_text admin_label=\u00a0\u00bb Forme et + produits\u00a0\u00bb _builder_version=\u00a0\u00bb3.14&Prime;]<\/p>\n\n<div class=\"wpcf7 no-js\" id=\"wpcf7-f1560-o1\" lang=\"fr-FR\" dir=\"ltr\" data-wpcf7-id=\"1560\">\n<div class=\"screen-reader-response\"><p role=\"status\" aria-live=\"polite\" aria-atomic=\"true\"><\/p> <ul><\/ul><\/div>\n<form action=\"\/francais\/wp-json\/wp\/v2\/pages\/775#wpcf7-f1560-o1\" method=\"post\" class=\"wpcf7-form init\" aria-label=\"Formulaire de contact\" novalidate=\"novalidate\" data-status=\"init\">\n<fieldset class=\"hidden-fields-container\"><input type=\"hidden\" name=\"_wpcf7\" value=\"1560\" \/><input type=\"hidden\" name=\"_wpcf7_version\" value=\"6.1.5\" \/><input type=\"hidden\" name=\"_wpcf7_locale\" value=\"fr_FR\" \/><input type=\"hidden\" name=\"_wpcf7_unit_tag\" value=\"wpcf7-f1560-o1\" \/><input type=\"hidden\" name=\"_wpcf7_container_post\" value=\"0\" \/><input type=\"hidden\" name=\"_wpcf7_posted_data_hash\" value=\"\" \/>\n<\/fieldset>\n<p>Nom*\n<\/p>\n<p><span class=\"wpcf7-form-control-wrap\" data-name=\"your-name\"><input size=\"40\" maxlength=\"400\" class=\"wpcf7-form-control wpcf7-text wpcf7-validates-as-required\" aria-required=\"true\" aria-invalid=\"false\" value=\"\" type=\"text\" name=\"your-name\" \/><\/span>\n<\/p>\n<p>Soci\u00e9t\u00e9\/Organisation\n<\/p>\n<p><span class=\"wpcf7-form-control-wrap\" data-name=\"empresa\"><input size=\"40\" maxlength=\"400\" class=\"wpcf7-form-control wpcf7-text\" aria-invalid=\"false\" value=\"\" type=\"text\" name=\"empresa\" \/><\/span>\n<\/p>\n<p>Ville*\n<\/p>\n<p><span class=\"wpcf7-form-control-wrap\" data-name=\"poblacion\"><input size=\"40\" maxlength=\"400\" class=\"wpcf7-form-control wpcf7-text wpcf7-validates-as-required\" aria-required=\"true\" aria-invalid=\"false\" value=\"\" type=\"text\" name=\"poblacion\" \/><\/span>\n<\/p>\n<p>T\u00e9l\u00e9phone\n<\/p>\n<p><span class=\"wpcf7-form-control-wrap\" data-name=\"telefono\"><input size=\"40\" maxlength=\"400\" class=\"wpcf7-form-control wpcf7-text\" aria-invalid=\"false\" value=\"\" type=\"text\" name=\"telefono\" \/><\/span>\n<\/p>\n<p>E-mail*\n<\/p>\n<p><span class=\"wpcf7-form-control-wrap\" data-name=\"your-email\"><input size=\"40\" maxlength=\"400\" class=\"wpcf7-form-control wpcf7-email wpcf7-validates-as-required wpcf7-text wpcf7-validates-as-email\" aria-required=\"true\" aria-invalid=\"false\" value=\"\" type=\"email\" name=\"your-email\" \/><\/span>\n<\/p>\n<p>Produit\n<\/p>\n<p><span class=\"wpcf7-form-control-wrap\" data-name=\"your-subject\"><input size=\"40\" maxlength=\"400\" class=\"wpcf7-form-control wpcf7-text\" aria-invalid=\"false\" value=\"\" type=\"text\" name=\"your-subject\" \/><\/span>\n<\/p>\n<p>Message\n<\/p>\n<p><span class=\"wpcf7-form-control-wrap\" data-name=\"your-message\"><textarea cols=\"40\" rows=\"10\" maxlength=\"2000\" class=\"wpcf7-form-control wpcf7-textarea\" aria-invalid=\"false\" name=\"your-message\"><\/textarea><\/span>\n<\/p>\n<p><input class=\"wpcf7-form-control wpcf7-submit has-spinner\" type=\"submit\" value=\"Envoyer\" \/>\n<\/p>\n<p><span class=\"wpcf7-form-control-wrap\" data-name=\"acceptance-173\"><span class=\"wpcf7-form-control wpcf7-acceptance\"><span class=\"wpcf7-list-item\"><label><input type=\"checkbox\" name=\"acceptance-173\" value=\"1\" aria-invalid=\"false\" \/><span class=\"wpcf7-list-item-label\">J'ai lu et j'accepte la <a href=\"https:\/\/www.fertilizantesyabonos.com\/francais\/politique-de-confidentialite-et-de-protection-des-donnees\">Politique de confidentialit\u00e9 et de protection des donn\u00e9es<\/a> et les <a href=\"https:\/\/www.fertilizantesyabonos.com\/francais\/mentions-legales\">Mentions l\u00e9gales<\/a>.*<\/span><\/label><\/span><\/span><\/span>\n<\/p>\n<p><span class=\"wpcf7-form-control-wrap\" data-name=\"acceptance-565\"><span class=\"wpcf7-form-control wpcf7-acceptance\"><span class=\"wpcf7-list-item\"><label><input type=\"checkbox\" name=\"acceptance-565\" value=\"1\" aria-invalid=\"false\" \/><span class=\"wpcf7-list-item-label\">Je consens express\u00e9ment au traitement de mes donn\u00e9es afin de r\u00e9pondre \u00e0 ma demande.*<\/span><\/label><\/span><\/span><\/span>\n<\/p>\n<p style=\"font-size: small\">* Les champs signal\u00e9s par un ast\u00e9risque (*), doivent \u00eatre remplis. Merci de nous aider \u00e0 traiter votre demande.\n<\/p><p style=\"display: none !important;\" class=\"akismet-fields-container\" data-prefix=\"_wpcf7_ak_\"><label>&#916;<textarea name=\"_wpcf7_ak_hp_textarea\" cols=\"45\" rows=\"8\" maxlength=\"100\"><\/textarea><\/label><input type=\"hidden\" id=\"ak_js_1\" name=\"_wpcf7_ak_js\" value=\"243\"\/><script>document.getElementById( \"ak_js_1\" ).setAttribute( \"value\", ( new Date() ).getTime() );<\/script><\/p><div class=\"wpcf7-response-output\" aria-hidden=\"true\"><\/div>\n<\/form>\n<\/div>\n\n<p>[\/et_pb_text][\/et_pb_column][et_pb_column type=\u00a0\u00bb1_3&Prime;][et_pb_text _builder_version=\u00a0\u00bb3.14&Prime; text_orientation=\u00a0\u00bbcenter\u00a0\u00bb]<\/p>\n<h2>+ Engrais organiques:<\/h2>\n<p><a title=\"Glybet\" href=\"https:\/\/www.fertilizantesyabonos.com\/francais\/glybet\/\"><strong>Glybet<\/strong><\/a><br \/>\n<a title=\"Fulvin 40-22\" href=\"https:\/\/www.fertilizantesyabonos.com\/francais\/fulvin-40-22\/\"><strong>Fulvin 40-22<\/strong><\/a><\/p>\n<p>[\/et_pb_text][et_pb_image _builder_version=\u00a0\u00bb3.14&Prime; src=\u00a0\u00bbhttps:\/\/www.fertilizantesyabonos.com\/francais\/wp-content\/uploads\/sites\/3\/engrais-organiques-.jpg\u00a0\u00bb url=\u00a0\u00bbhttps:\/\/www.fertilizantesyabonos.com\/francais\/engrais-organiques\u00a0\u00bb \/][\/et_pb_column][\/et_pb_row][\/et_pb_section][et_pb_section bb_built=\u00a0\u00bb1&Prime; admin_label=\u00a0\u00bbPlant Types\u00a0\u00bb _builder_version=\u00a0\u00bb3.12.2&Prime; border_color_all=\u00a0\u00bb#ffd07e\u00a0\u00bb border_width_right=\u00a0\u00bb3vw\u00a0\u00bb border_color_right=\u00a0\u00bbrgba(0,0,0,0)\u00a0\u00bb border_width_left=\u00a0\u00bb3vw\u00a0\u00bb custom_margin=\u00a0\u00bb|5%|8%|5%||true\u00a0\u00bb custom_margin_tablet=\u00a0\u00bb|0%|0%|0%||true\u00a0\u00bb custom_margin_last_edited=\u00a0\u00bbon|tablet\u00a0\u00bb custom_padding=\u00a0\u00bb|||\u00a0\u00bb prev_background_color=\u00a0\u00bb#000000&Prime;][et_pb_row][et_pb_column type=\u00a0\u00bb4_4&Prime;][et_pb_text admin_label=\u00a0\u00bbAutres sp\u00e9cialit\u00e9s agronutritionnelles JISA\u00a0\u00bb _builder_version=\u00a0\u00bb3.14&Prime; text_orientation=\u00a0\u00bbcenter\u00a0\u00bb]<\/p>\n<h2>Autres sp\u00e9cialit\u00e9s agronutritionnelles JISA<\/h2>\n<p>[\/et_pb_text][\/et_pb_column][\/et_pb_row][et_pb_row _builder_version=\u00a0\u00bb3.14&Prime;][et_pb_column type=\u00a0\u00bb1_4&Prime;][et_pb_text _builder_version=\u00a0\u00bb3.14&Prime; header_4_font=\u00a0\u00bb|700||on|||||\u00a0\u00bb header_4_font_size=\u00a0\u00bb12px\u00a0\u00bb header_4_letter_spacing=\u00a0\u00bb2px\u00a0\u00bb header_4_line_height=\u00a0\u00bb1.8em\u00a0\u00bb custom_margin=\u00a0\u00bb||15px|\u00a0\u00bb]<\/p>\n<h4>Biostimulants<\/h4>\n<p>[\/et_pb_text][et_pb_image src=\u00a0\u00bbhttps:\/\/www.fertilizantesyabonos.com\/francais\/wp-content\/uploads\/sites\/3\/bioestimulantes.jpg\u00a0\u00bb url=\u00a0\u00bbhttps:\/\/www.fertilizantesyabonos.com\/francais\/biostimulants\/\u00a0\u00bb use_overlay=\u00a0\u00bbon\u00a0\u00bb overlay_icon_color=\u00a0\u00bb#000000&Prime; hover_icon=\u00a0\u00bb%%5%%\u00a0\u00bb force_fullwidth=\u00a0\u00bbon\u00a0\u00bb _builder_version=\u00a0\u00bb3.14&Prime; animation_style=\u00a0\u00bbslide\u00a0\u00bb animation_direction=\u00a0\u00bbbottom\u00a0\u00bb animation_intensity_slide=\u00a0\u00bb5%\u00a0\u00bb \/][\/et_pb_column][et_pb_column type=\u00a0\u00bb1_4&Prime;][et_pb_text _builder_version=\u00a0\u00bb3.14&Prime; header_4_font=\u00a0\u00bb|700||on|||||\u00a0\u00bb header_4_font_size=\u00a0\u00bb12px\u00a0\u00bb header_4_letter_spacing=\u00a0\u00bb2px\u00a0\u00bb header_4_line_height=\u00a0\u00bb1.8em\u00a0\u00bb custom_margin=\u00a0\u00bb||15px|\u00a0\u00bb locked=\u00a0\u00bboff\u00a0\u00bb]<\/p>\n<h4>Amendements du sol<\/h4>\n<p>[\/et_pb_text][et_pb_image src=\u00a0\u00bbhttps:\/\/www.fertilizantesyabonos.com\/francais\/wp-content\/uploads\/sites\/3\/mejoradores-de-suelo.jpg\u00a0\u00bb url=\u00a0\u00bbhttps:\/\/www.fertilizantesyabonos.com\/francais\/amendments-du-sol\u00a0\u00bb use_overlay=\u00a0\u00bbon\u00a0\u00bb overlay_icon_color=\u00a0\u00bb#000000&Prime; hover_icon=\u00a0\u00bb%%5%%\u00a0\u00bb force_fullwidth=\u00a0\u00bbon\u00a0\u00bb _builder_version=\u00a0\u00bb3.14&Prime; animation_style=\u00a0\u00bbslide\u00a0\u00bb animation_direction=\u00a0\u00bbbottom\u00a0\u00bb animation_delay=\u00a0\u00bb100ms\u00a0\u00bb animation_intensity_slide=\u00a0\u00bb5%\u00a0\u00bb locked=\u00a0\u00bboff\u00a0\u00bb \/][\/et_pb_column][et_pb_column type=\u00a0\u00bb1_4&Prime;][et_pb_text _builder_version=\u00a0\u00bb3.14&Prime; header_4_font=\u00a0\u00bb|700||on|||||\u00a0\u00bb header_4_font_size=\u00a0\u00bb12px\u00a0\u00bb header_4_letter_spacing=\u00a0\u00bb2px\u00a0\u00bb header_4_line_height=\u00a0\u00bb1.8em\u00a0\u00bb custom_margin=\u00a0\u00bb||15px|\u00a0\u00bb locked=\u00a0\u00bboff\u00a0\u00bb]<\/p>\n<h4>Nutrition V\u00e9g\u00e9tale<\/h4>\n<p>[\/et_pb_text][et_pb_image src=\u00a0\u00bbhttps:\/\/www.fertilizantesyabonos.com\/francais\/wp-content\/uploads\/sites\/3\/nutricion-vegetal.jpg\u00a0\u00bb url=\u00a0\u00bbhttps:\/\/www.fertilizantesyabonos.com\/francais\/nutrition-vegetale\u00a0\u00bb use_overlay=\u00a0\u00bbon\u00a0\u00bb overlay_icon_color=\u00a0\u00bb#000000&Prime; hover_icon=\u00a0\u00bb%%5%%\u00a0\u00bb force_fullwidth=\u00a0\u00bbon\u00a0\u00bb _builder_version=\u00a0\u00bb3.14&Prime; animation_style=\u00a0\u00bbslide\u00a0\u00bb animation_direction=\u00a0\u00bbbottom\u00a0\u00bb animation_delay=\u00a0\u00bb200ms\u00a0\u00bb animation_intensity_slide=\u00a0\u00bb5%\u00a0\u00bb locked=\u00a0\u00bboff\u00a0\u00bb \/][\/et_pb_column][et_pb_column type=\u00a0\u00bb1_4&Prime;][et_pb_text _builder_version=\u00a0\u00bb3.14&Prime; header_4_font=\u00a0\u00bb|700||on|||||\u00a0\u00bb header_4_font_size=\u00a0\u00bb12px\u00a0\u00bb header_4_letter_spacing=\u00a0\u00bb2px\u00a0\u00bb header_4_line_height=\u00a0\u00bb1.8em\u00a0\u00bb custom_margin=\u00a0\u00bb||15px|\u00a0\u00bb]<\/p>\n<h4>Engrais \u00e9cologiques<\/h4>\n<p>[\/et_pb_text][et_pb_image src=\u00a0\u00bbhttps:\/\/www.fertilizantesyabonos.com\/francais\/wp-content\/uploads\/sites\/3\/abonos-ecologicos-jisa-.jpg\u00a0\u00bb url=\u00a0\u00bbhttps:\/\/www.fertilizantesyabonos.com\/francais\/engrais-ecologiques\u00a0\u00bb use_overlay=\u00a0\u00bbon\u00a0\u00bb overlay_icon_color=\u00a0\u00bb#000000&Prime; hover_icon=\u00a0\u00bb%%5%%\u00a0\u00bb force_fullwidth=\u00a0\u00bbon\u00a0\u00bb _builder_version=\u00a0\u00bb3.14&Prime; animation_style=\u00a0\u00bbslide\u00a0\u00bb animation_direction=\u00a0\u00bbbottom\u00a0\u00bb animation_delay=\u00a0\u00bb200ms\u00a0\u00bb animation_intensity_slide=\u00a0\u00bb5%\u00a0\u00bb \/][\/et_pb_column][\/et_pb_row][\/et_pb_section]<\/p>\n","protected":false},"excerpt":{"rendered":"<p><div class=\"et_pb_row et_pb_row_0 et_pb_row_empty\">\n\t\t\t\t\n\t\t\t\t\n\t\t\t\t\n\t\t\t\t\n\t\t\t\t\n\t\t\t<\/div> Mati\u00e8re organique \u00e9cologique d\u2019origine v\u00e9g\u00e9tale MOLEX\u00ae est un produit de haute qualit\u00e9 riche en mati\u00e8re organique \u00e9cologique. La pr\u00e9sentation sous forme liquide facilite son incorporation au sol gr\u00e2ce aux modernes syst\u00e8mes d\u2019irrigation et une parfaite distribution du produit. Pourquoi utiliser MOLEX\u00ae ? Sa mati\u00e8re organique am\u00e9liore les caract\u00e9ristiques physiques, chimiques et biologiques du complexe [&hellip;]<\/p>\n","protected":false},"author":2,"featured_media":0,"parent":0,"menu_order":0,"comment_status":"open","ping_status":"closed","template":"","meta":{"_et_pb_use_builder":"on","_et_pb_old_content":"[vc_row top_margin=\"none\" el_position=\"first last\"] [vc_column top_margin=\"none\" width=\"1\/3\"] [mc_small_slider id=\"small_slider\" title=\"MOLEX\" subtitle=\"Engrais organique NK liquide d\u2019origine v\u00e9g\u00e9tale\" images=\"1013,1014,1015\" lightbox_icon_color=\"green_light\" features_images_loop=\"1\" autoplay=\"1\" pause_on_hover=\"1\" scroll=\"1\" effect=\"scroll\" easing=\"easeinoutquint\" duration=\"750\" top_margin=\"page_margin_top_section\" el_position=\"first\"] [vc_column_text]\r\n\r\n<span style=\"color: #92b93a;\">RICHESSES GARANTIES<\/span>\r\n<img class=\"alignnone size-full wp-image-1207\" alt=\"Molex, engrais organique NK liquide d\u2019origine v\u00e9g\u00e9tale\" src=\"https:\/\/www.fertilizantesyabonos.com\/francais\/wp-content\/uploads\/sites\/3\/molex-engrais-organique-nk-.jpg\" width=\"310\" height=\"98\" \/>\r\n\r\n[\/vc_column_text] [vc_column_text el_position=\"last\"]\r\n\r\nProduit APTE \u00e0 l\u2019AGRICULTURE \u00c9COLOGIQUE selon le R\u00c8GLEMENT (CE) N\u00ba 889\/2008 DE LA COMMISSION du 05 Septembre 2008.\r\n\r\n<a href=\"https:\/\/www.fertilizantesyabonos.com\/francais\/JISA-agronutrients-catalogue-francais.pdf\" title=\"Telechargement du catalogue agronutrient JISA\" target=\"_blank\"><img src=\"https:\/\/www.fertilizantesyabonos.com\/francais\/wp-content\/uploads\/sites\/3\/telechargement-du-catalogue-complet-en-pdf.jpg\" alt=\"Telechargement du catalogue complet en pdf\" width=\"310\" height=\"43\" class=\"alignnone size-full wp-image-1643\" \/><\/a>\r\n\r\n[\/vc_column_text] [\/vc_column] [vc_column top_margin=\"none\" width=\"1\/3\"] [vc_column_text el_position=\"first last\"]\r\n<h4>CARACTERISTIQUES<\/h4>\r\n<strong>MOLEX<\/strong> est un produit de haute qualit\u00e9, riche en mati\u00e8re organique. La pr\u00e9sentation sous forme liquide permet l\u2019incorporation au sol \u00e0 travers des syst\u00e8mes modernes d\u2019irrigation, et une distribution parfaite du produit. L\u2019emplacement appropri\u00e9 du produit et sa compl\u00e8te solubilit\u00e9 dans le sol rend leur action plus rapide et plus efficacement que les mati\u00e8res organiques solides courantes.\r\n\r\nLa mati\u00e8re organique am\u00e9liore les caract\u00e9ristiques physiques, chimiques et biologiques du complexe argilo-humique tout en contribuant ainsi \u00e0 maintenir un niveau ad\u00e9quat d\u2019humus. L\u2019humus augmente la capacit\u00e9 d\u2019\u00e9change des ions du sol, il constitue une r\u00e9serve d\u2019\u00e9l\u00e9ments nutritifs pour les plantes et favorise l\u2019assimilation des engrais min\u00e9raux.\r\n<h4>MODE D\u2019EMPLOI<\/h4>\r\n<strong>MOLEX<\/strong> peut \u00eatre utilis\u00e9 \u00e0 tout moment et sur tout type de cultures (horticoles, fruiti\u00e8res, d\u2019agrumes, de bananes, d\u2019oliviers, de fraises, tropicales, etc.) comme apport important de mati\u00e8re organique, de prot\u00e9ines v\u00e9g\u00e9tales et d\u2019autres nutriments. On peut effectuer l\u2019application par sol (fertirrigation, aspersion ou irrigation traditionnelle) en tant qu\u2019apport de mati\u00e8re organique et par voie foliaire en tant que bio-stimulant \u00e9cologique, en augmentant les niveaux de chlorophylle des feuilles.\r\n<h4>DOSES<\/h4>\r\nApplication radiculaire: 90-120 l\/ha\r\nApplication foliaire: 0,8- 1 l\/hl\r\n<h4>COMPATIBILITES<\/h4>\r\n<strong>MOLEX<\/strong> est compatible avec les produits phytosanitaires et nutritionnels, dans la mesure o\u00f9 leur pH n\u2019est pas trop alcalin. Il est conseill\u00e9, en cas de doute, effectuer d\u2019abord un test.\r\n<h4>PRESENTATION<\/h4>\r\n1; 5; 20; 220 et 1.000 L.\r\n\r\n[\/vc_column_text] [\/vc_column] [vc_column top_margin=\"none\" width=\"1\/3\"] [vc_column_text el_position=\"first last\"]\r\n<h3>ENGRAIS ORGANIQUES<\/h3>\r\n<ul class=\"simple_list clearfix\">\r\n\t<li class=\"icon_small_arrow tick clearfix\"><span style=\"color: #92b93a;\">MOLEX<\/span><\/li>\r\n\t<li class=\"icon_small_arrow right_black clearfix\"><span><a href=\"https:\/\/www.fertilizantesyabonos.com\/francais\/humivita-45-25\/\">HUMIVITA 45-25<\/a><\/span><\/li>\r\n<\/ul>\r\n<h3>Autres produits JISA<\/h3>\r\n<ul class=\"simple_list clearfix\">\r\n\t<li class=\"icon_small_arrow right_black clearfix\"><span><a href=\"https:\/\/www.fertilizantesyabonos.com\/francais\/acides-humiques\/\">Acides humiques<\/a><\/span><\/li>\r\n\t<li class=\"icon_small_arrow right_black clearfix\"><span><a href=\"https:\/\/www.fertilizantesyabonos.com\/francais\/produits-speciaux\/\">Produits sp\u00e9ciaux<\/a><\/span><\/li>\r\n\t<li class=\"icon_small_arrow right_black clearfix\"><span><a href=\"https:\/\/www.fertilizantesyabonos.com\/francais\/engrais-foliaires\/\">Engrais foliaires<\/a><\/span><\/li>\r\n\t<li class=\"icon_small_arrow right_black clearfix\"><span><a href=\"https:\/\/www.fertilizantesyabonos.com\/francais\/engrais-npk-solubles\/\">Engrais NPK solubles<\/a><\/span><\/li>\r\n\t<li class=\"icon_small_arrow right_black clearfix\"><span><a href=\"https:\/\/www.fertilizantesyabonos.com\/francais\/acides-amines\/\">Acides amin\u00e9s<\/a><\/span><\/li>\r\n\t<li class=\"icon_small_arrow right_black clearfix\"><span><a href=\"https:\/\/www.fertilizantesyabonos.com\/francais\/correcteur-de-salinite\/\">Correcteur de salinit\u00e9<\/a><\/span><\/li>\r\n\t<li class=\"icon_small_arrow right_black clearfix\"><span><a href=\"https:\/\/www.fertilizantesyabonos.com\/francais\/correcteurs-de-carences-jisaquel\/\">Correcteurs de carences | Jisaquel<\/a><\/span><\/li>\r\n\t<li class=\"icon_small_arrow right_black clearfix\"><span><a href=\"https:\/\/www.fertilizantesyabonos.com\/francais\/correcteurs-de-carences-nutrijisa\/\">Correcteurs de carences | Nutrijisa<\/a><\/span><\/li>\r\n\t<li class=\"icon_small_arrow right_black clearfix\"><span><a href=\"https:\/\/www.fertilizantesyabonos.com\/francais\/correcteurs-de-carences-multiples\/\">Correcteurs de carences multiples<\/a><\/span><\/li>\r\n\t<li class=\"icon_small_arrow right_black clearfix\"><span><a href=\"https:\/\/www.fertilizantesyabonos.com\/francais\/extrait-dalgues\/\">Extrait d\u2019algues<\/a><\/span><\/li>\r\n\t<li class=\"icon_small_arrow right_black clearfix\"><span><a href=\"https:\/\/www.fertilizantesyabonos.com\/francais\/engrais-special-organique\/\">Engrais sp\u00e9cial organique<\/a><\/span><\/li>\r\n<\/ul>\r\n[\/vc_column_text] [\/vc_column] [\/vc_row]","_et_gb_content_width":"","footnotes":""},"class_list":["post-775","page","type-page","status-publish","hentry"],"_links":{"self":[{"href":"https:\/\/www.fertilizantesyabonos.com\/francais\/wp-json\/wp\/v2\/pages\/775","targetHints":{"allow":["GET"]}}],"collection":[{"href":"https:\/\/www.fertilizantesyabonos.com\/francais\/wp-json\/wp\/v2\/pages"}],"about":[{"href":"https:\/\/www.fertilizantesyabonos.com\/francais\/wp-json\/wp\/v2\/types\/page"}],"author":[{"embeddable":true,"href":"https:\/\/www.fertilizantesyabonos.com\/francais\/wp-json\/wp\/v2\/users\/2"}],"replies":[{"embeddable":true,"href":"https:\/\/www.fertilizantesyabonos.com\/francais\/wp-json\/wp\/v2\/comments?post=775"}],"version-history":[{"count":3,"href":"https:\/\/www.fertilizantesyabonos.com\/francais\/wp-json\/wp\/v2\/pages\/775\/revisions"}],"predecessor-version":[{"id":3675,"href":"https:\/\/www.fertilizantesyabonos.com\/francais\/wp-json\/wp\/v2\/pages\/775\/revisions\/3675"}],"wp:attachment":[{"href":"https:\/\/www.fertilizantesyabonos.com\/francais\/wp-json\/wp\/v2\/media?parent=775"}],"curies":[{"name":"wp","href":"https:\/\/api.w.org\/{rel}","templated":true}]}}