{"id":2814,"date":"2019-02-01T18:22:41","date_gmt":"2019-02-01T17:22:41","guid":{"rendered":"https:\/\/www.fertilizantesyabonos.com\/francais\/?page_id=2814"},"modified":"2022-03-21T17:07:52","modified_gmt":"2022-03-21T16:07:52","slug":"engrais-foliaires-solides","status":"publish","type":"page","link":"https:\/\/www.fertilizantesyabonos.com\/francais\/engrais-foliaires-solides\/","title":{"rendered":"Engrais foliaires solides"},"content":{"rendered":"<p>[et_pb_section bb_built=\u00a0\u00bb1&Prime; next_background_color=\u00a0\u00bb#000000&Prime;][et_pb_row][et_pb_column type=\u00a0\u00bb1_2&Prime;][et_pb_text _builder_version=\u00a0\u00bb3.14&Prime; text_orientation=\u00a0\u00bbcenter\u00a0\u00bb]<\/p>\n<h1>Engrais foliaires solides <\/h1>\n<p>Les mati\u00e8res premi\u00e8res, sans chlorures, utilis\u00e9es dans le processus de fabrication de nos <strong>fertilisants foliaires solides<\/strong>, sont d&rsquo;excellente qualit\u00e9. Les produits, sous forme de poudre soluble, passent par une phase de broyage, afin d\u2019obtenir une formule homog\u00e8ne avec une taille de particules inf\u00e9rieure \u00e0 celle des engrais traditionnels utilis\u00e9s en fertirrigation.<\/p>\n<p>Avec les applications de nos <strong>engrais foliaires solides<\/strong>, les plantes obtiennent un apport nutritionnel tr\u00e8s rapide gr\u00e2ce \u00e0 l&rsquo;absorption des nutriments par les stomates. Les formules qui composent cette gamme, qui contiennent \u00e9galement des micro-\u00e9l\u00e9ments, ont \u00e9t\u00e9 cr\u00e9\u00e9es pour \u00eatre utilis\u00e9es dans tous types de cultures, en fonction de l&rsquo;\u00e9tat ph\u00e9nologique de la m\u00eame. La m\u00e9thode d&rsquo;application indiqu\u00e9e est foliaire et nos engrais peuvent \u00eatre m\u00e9lang\u00e9s avec la majorit\u00e9 des produits phytosanitaires pour faciliter le traitement conjoint.<\/p>\n<p>Gr\u00e2ce aux formulations des <strong>fertilisants foliaires solides de JISA<\/strong>, l&rsquo;agriculteur dispose des outils nutritionnels adapt\u00e9s \u00e0 chaque stade de la culture: germination et \/ ou d\u00e9veloppement v\u00e9g\u00e9tatif, floraison et nouaison, ainsi que pour les phases de grossissement et de maturation, faisant avancer sa r\u00e9colte ou am\u00e9liorer les param\u00e8tres de qualit\u00e9 des diff\u00e9rents fruits, que ce soit la couleur, le degr\u00e9s Brix ou le rendement en huile &#8230;, selon la culture.<\/p>\n<p>[\/et_pb_text][et_pb_text _builder_version=\u00a0\u00bb3.14&Prime; text_orientation=\u00a0\u00bbcenter\u00a0\u00bb]<\/p>\n<h3>Autres produits:<\/h3>\n<p><a href=\"https:\/\/www.fertilizantesyabonos.com\/francais\/jisafol-20-20-20\/\">&nbsp;&nbsp; <img loading=\"lazy\" decoding=\"async\" class=\"alignnone wp-image-6667\" src=\"https:\/\/www.fertilizantesyabonos.com\/francais\/wp-content\/uploads\/sites\/3\/logo-jisafol-20-20-20-1.png\" alt=\"Logo Jisafol 20-20-20-1\" width=\"254\" height=\"92\"><\/a><\/p>\n<p><a href=\"https:\/\/www.fertilizantesyabonos.com\/francais\/jisafol-11-6-32\/\"><img loading=\"lazy\" decoding=\"async\" class=\"alignnone wp-image-6538\" src=\"https:\/\/www.fertilizantesyabonos.com\/francais\/wp-content\/uploads\/sites\/3\/logo-jisafol-11-6-32.png\" alt=\"Logo Jisafol 11-6-32\" width=\"295\" height=\"115\"><\/a><\/p>\n<p><a href=\"https:\/\/www.fertilizantesyabonos.com\/francais\/nutriolivo-25-5-15\/\"><img loading=\"lazy\" decoding=\"async\" class=\"alignnone wp-image-6662\" src=\"https:\/\/www.fertilizantesyabonos.com\/francais\/wp-content\/uploads\/sites\/3\/logo-nutrilolivo-25-5-15-1.png\" alt=\"Logo Nutrilolivo 25-5-15\" width=\"315\" height=\"97\"><\/a><\/p>\n<p><a href=\"https:\/\/www.fertilizantesyabonos.com\/francais\/nutriolivo-17-8-25\/\"><img loading=\"lazy\" decoding=\"async\" class=\"alignnone wp-image-6663\" src=\"https:\/\/www.fertilizantesyabonos.com\/francais\/wp-content\/uploads\/sites\/3\/logo-nutrilolivo-17-8-25-1.png\" alt=\"Logo Nutrilolivo 17-8-25\" width=\"312\" height=\"95\"><\/a><\/p>\n<p><a href=\"https:\/\/www.fertilizantesyabonos.com\/francais\/nutriolivo-11-6-36\/\"><img loading=\"lazy\" decoding=\"async\" class=\"alignnone wp-image-6664\" src=\"https:\/\/www.fertilizantesyabonos.com\/francais\/wp-content\/uploads\/sites\/3\/logo-nutrilolivo-11-6-36-1.png\" alt=\"Logo Nutrilolivo 11-6-36\" width=\"314\" height=\"94\"><\/a><\/p>\n<p>[\/et_pb_text][\/et_pb_column][et_pb_column type=\u00a0\u00bb1_2&Prime;][et_pb_image _builder_version=\u00a0\u00bb3.14&Prime; src=\u00a0\u00bbhttps:\/\/www.fertilizantesyabonos.com\/francais\/wp-content\/uploads\/sites\/3\/engrais-foliaires-solides-.jpg\u00a0\u00bb \/][\/et_pb_column][\/et_pb_row][\/et_pb_section][et_pb_section bb_built=\u00a0\u00bb1&Prime; admin_label=\u00a0\u00bbPlant Types\u00a0\u00bb _builder_version=\u00a0\u00bb3.12.2&Prime; border_color_all=\u00a0\u00bb#ffd07e\u00a0\u00bb border_width_right=\u00a0\u00bb3vw\u00a0\u00bb border_color_right=\u00a0\u00bbrgba(0,0,0,0)\u00a0\u00bb border_width_left=\u00a0\u00bb3vw\u00a0\u00bb custom_margin=\u00a0\u00bb|5%|8%|5%||true\u00a0\u00bb custom_margin_tablet=\u00a0\u00bb|0%|0%|0%||true\u00a0\u00bb custom_margin_last_edited=\u00a0\u00bbon|tablet\u00a0\u00bb custom_padding=\u00a0\u00bb|||\u00a0\u00bb prev_background_color=\u00a0\u00bb#000000&Prime;][et_pb_row][et_pb_column type=\u00a0\u00bb4_4&Prime;][et_pb_text admin_label=\u00a0\u00bbAutres sp\u00e9cialit\u00e9s agronutritionnelles JISA\u00a0\u00bb _builder_version=\u00a0\u00bb3.14&Prime; text_orientation=\u00a0\u00bbcenter\u00a0\u00bb]<\/p>\n<h2>Autres sp\u00e9cialit\u00e9s agronutritionnelles JISA<\/h2>\n<p>[\/et_pb_text][\/et_pb_column][\/et_pb_row][et_pb_row _builder_version=\u00a0\u00bb3.14&Prime;][et_pb_column type=\u00a0\u00bb1_4&Prime;][et_pb_text _builder_version=\u00a0\u00bb3.14&Prime; header_4_font=\u00a0\u00bb|700||on|||||\u00a0\u00bb header_4_font_size=\u00a0\u00bb12px\u00a0\u00bb header_4_letter_spacing=\u00a0\u00bb2px\u00a0\u00bb header_4_line_height=\u00a0\u00bb1.8em\u00a0\u00bb custom_margin=\u00a0\u00bb||15px|\u00a0\u00bb]<\/p>\n<h4>Biostimulants<\/h4>\n<p>[\/et_pb_text][et_pb_image src=\u00a0\u00bbhttps:\/\/www.fertilizantesyabonos.com\/francais\/wp-content\/uploads\/sites\/3\/bioestimulantes.jpg\u00a0\u00bb url=\u00a0\u00bbhttps:\/\/www.fertilizantesyabonos.com\/francais\/biostimulants\/\u00a0\u00bb use_overlay=\u00a0\u00bbon\u00a0\u00bb overlay_icon_color=\u00a0\u00bb#000000&Prime; hover_icon=\u00a0\u00bb%%5%%\u00a0\u00bb force_fullwidth=\u00a0\u00bbon\u00a0\u00bb _builder_version=\u00a0\u00bb3.14&Prime; animation_style=\u00a0\u00bbslide\u00a0\u00bb animation_direction=\u00a0\u00bbbottom\u00a0\u00bb animation_intensity_slide=\u00a0\u00bb5%\u00a0\u00bb \/][\/et_pb_column][et_pb_column type=\u00a0\u00bb1_4&Prime;][et_pb_text _builder_version=\u00a0\u00bb3.14&Prime; header_4_font=\u00a0\u00bb|700||on|||||\u00a0\u00bb header_4_font_size=\u00a0\u00bb12px\u00a0\u00bb header_4_letter_spacing=\u00a0\u00bb2px\u00a0\u00bb header_4_line_height=\u00a0\u00bb1.8em\u00a0\u00bb custom_margin=\u00a0\u00bb||15px|\u00a0\u00bb locked=\u00a0\u00bboff\u00a0\u00bb]<\/p>\n<h4>Amendements du sol<\/h4>\n<p>[\/et_pb_text][et_pb_image src=\u00a0\u00bbhttps:\/\/www.fertilizantesyabonos.com\/francais\/wp-content\/uploads\/sites\/3\/mejoradores-de-suelo.jpg\u00a0\u00bb url=\u00a0\u00bbhttps:\/\/www.fertilizantesyabonos.com\/francais\/amendments-du-sol\u00a0\u00bb use_overlay=\u00a0\u00bbon\u00a0\u00bb overlay_icon_color=\u00a0\u00bb#000000&Prime; hover_icon=\u00a0\u00bb%%5%%\u00a0\u00bb force_fullwidth=\u00a0\u00bbon\u00a0\u00bb _builder_version=\u00a0\u00bb3.14&Prime; animation_style=\u00a0\u00bbslide\u00a0\u00bb animation_direction=\u00a0\u00bbbottom\u00a0\u00bb animation_delay=\u00a0\u00bb100ms\u00a0\u00bb animation_intensity_slide=\u00a0\u00bb5%\u00a0\u00bb locked=\u00a0\u00bboff\u00a0\u00bb \/][\/et_pb_column][et_pb_column type=\u00a0\u00bb1_4&Prime;][et_pb_text _builder_version=\u00a0\u00bb3.14&Prime; header_4_font=\u00a0\u00bb|700||on|||||\u00a0\u00bb header_4_font_size=\u00a0\u00bb12px\u00a0\u00bb header_4_letter_spacing=\u00a0\u00bb2px\u00a0\u00bb header_4_line_height=\u00a0\u00bb1.8em\u00a0\u00bb custom_margin=\u00a0\u00bb||15px|\u00a0\u00bb locked=\u00a0\u00bboff\u00a0\u00bb]<\/p>\n<h4>Nutrition V\u00e9g\u00e9tale<\/h4>\n<p>[\/et_pb_text][et_pb_image src=\u00a0\u00bbhttps:\/\/www.fertilizantesyabonos.com\/francais\/wp-content\/uploads\/sites\/3\/nutricion-vegetal.jpg\u00a0\u00bb url=\u00a0\u00bbhttps:\/\/www.fertilizantesyabonos.com\/francais\/nutrition-vegetale\u00a0\u00bb use_overlay=\u00a0\u00bbon\u00a0\u00bb overlay_icon_color=\u00a0\u00bb#000000&Prime; hover_icon=\u00a0\u00bb%%5%%\u00a0\u00bb force_fullwidth=\u00a0\u00bbon\u00a0\u00bb _builder_version=\u00a0\u00bb3.14&Prime; animation_style=\u00a0\u00bbslide\u00a0\u00bb animation_direction=\u00a0\u00bbbottom\u00a0\u00bb animation_delay=\u00a0\u00bb200ms\u00a0\u00bb animation_intensity_slide=\u00a0\u00bb5%\u00a0\u00bb locked=\u00a0\u00bboff\u00a0\u00bb \/][\/et_pb_column][et_pb_column type=\u00a0\u00bb1_4&Prime;][et_pb_text _builder_version=\u00a0\u00bb3.14&Prime; header_4_font=\u00a0\u00bb|700||on|||||\u00a0\u00bb header_4_font_size=\u00a0\u00bb12px\u00a0\u00bb header_4_letter_spacing=\u00a0\u00bb2px\u00a0\u00bb header_4_line_height=\u00a0\u00bb1.8em\u00a0\u00bb custom_margin=\u00a0\u00bb||15px|\u00a0\u00bb]<\/p>\n<h4>Engrais \u00e9cologiques<\/h4>\n<p>[\/et_pb_text][et_pb_image src=\u00a0\u00bbhttps:\/\/www.fertilizantesyabonos.com\/francais\/wp-content\/uploads\/sites\/3\/abonos-ecologicos-jisa-.jpg\u00a0\u00bb url=\u00a0\u00bbhttps:\/\/www.fertilizantesyabonos.com\/francais\/engrais-ecologiques\u00a0\u00bb use_overlay=\u00a0\u00bbon\u00a0\u00bb overlay_icon_color=\u00a0\u00bb#000000&Prime; hover_icon=\u00a0\u00bb%%5%%\u00a0\u00bb force_fullwidth=\u00a0\u00bbon\u00a0\u00bb _builder_version=\u00a0\u00bb3.14&Prime; animation_style=\u00a0\u00bbslide\u00a0\u00bb animation_direction=\u00a0\u00bbbottom\u00a0\u00bb animation_delay=\u00a0\u00bb200ms\u00a0\u00bb animation_intensity_slide=\u00a0\u00bb5%\u00a0\u00bb \/][\/et_pb_column][\/et_pb_row][\/et_pb_section]<\/p>\n","protected":false},"excerpt":{"rendered":"<p><div class=\"et_pb_row et_pb_row_0 et_pb_row_empty\">\n\t\t\t\t\n\t\t\t\t\n\t\t\t\t\n\t\t\t\t\n\t\t\t\t\n\t\t\t<\/div> Engrais foliaires solides Les mati\u00e8res premi\u00e8res, sans chlorures, utilis\u00e9es dans le processus de fabrication de nos fertilisants foliaires solides, sont d&rsquo;excellente qualit\u00e9. Les produits, sous forme de poudre soluble, passent par une phase de broyage, afin d\u2019obtenir une formule homog\u00e8ne avec une taille de particules inf\u00e9rieure \u00e0 celle des engrais traditionnels utilis\u00e9s en fertirrigation. [&hellip;]<\/p>\n","protected":false},"author":2,"featured_media":0,"parent":0,"menu_order":0,"comment_status":"closed","ping_status":"closed","template":"","meta":{"_et_pb_use_builder":"on","_et_pb_old_content":"","_et_gb_content_width":"","footnotes":""},"class_list":["post-2814","page","type-page","status-publish","hentry"],"_links":{"self":[{"href":"https:\/\/www.fertilizantesyabonos.com\/francais\/wp-json\/wp\/v2\/pages\/2814","targetHints":{"allow":["GET"]}}],"collection":[{"href":"https:\/\/www.fertilizantesyabonos.com\/francais\/wp-json\/wp\/v2\/pages"}],"about":[{"href":"https:\/\/www.fertilizantesyabonos.com\/francais\/wp-json\/wp\/v2\/types\/page"}],"author":[{"embeddable":true,"href":"https:\/\/www.fertilizantesyabonos.com\/francais\/wp-json\/wp\/v2\/users\/2"}],"replies":[{"embeddable":true,"href":"https:\/\/www.fertilizantesyabonos.com\/francais\/wp-json\/wp\/v2\/comments?post=2814"}],"version-history":[{"count":1,"href":"https:\/\/www.fertilizantesyabonos.com\/francais\/wp-json\/wp\/v2\/pages\/2814\/revisions"}],"predecessor-version":[{"id":3444,"href":"https:\/\/www.fertilizantesyabonos.com\/francais\/wp-json\/wp\/v2\/pages\/2814\/revisions\/3444"}],"wp:attachment":[{"href":"https:\/\/www.fertilizantesyabonos.com\/francais\/wp-json\/wp\/v2\/media?parent=2814"}],"curies":[{"name":"wp","href":"https:\/\/api.w.org\/{rel}","templated":true}]}}