{"id":2571,"date":"2019-01-25T15:19:34","date_gmt":"2019-01-25T14:19:34","guid":{"rendered":"https:\/\/www.fertilizantesyabonos.com\/francais\/?page_id=2571"},"modified":"2022-03-19T18:03:46","modified_gmt":"2022-03-19T17:03:46","slug":"engrais-cristallins","status":"publish","type":"page","link":"https:\/\/www.fertilizantesyabonos.com\/francais\/engrais-cristallins\/","title":{"rendered":"Engrais cristallins"},"content":{"rendered":"<p>[et_pb_section bb_built=\u00a0\u00bb1&Prime; next_background_color=\u00a0\u00bb#000000&Prime;][et_pb_row][et_pb_column type=\u00a0\u00bb1_2&Prime;][et_pb_text _builder_version=\u00a0\u00bb3.14&Prime; text_orientation=\u00a0\u00bbcenter\u00a0\u00bb]<\/p>\n<h1>Engrais cristallins<\/h1>\n<p>JISA a des produits NPK contenant des oligo\u00e9l\u00e9ments pour les applications en irrigation \u00e0 haute solubilit\u00e9 et formul\u00e9s avec les meilleures mati\u00e8res premi\u00e8res du march\u00e9. Il existe une formule pour chaque phase de culture, avec un certain \u00e9quilibre d&rsquo;\u00e9l\u00e9ments nutritifs.<\/p>\n<p>[\/et_pb_text][et_pb_text _builder_version=\u00a0\u00bb3.14&Prime; text_orientation=\u00a0\u00bbcenter\u00a0\u00bb]<\/p>\n<h3>Nos produits:<\/h3>\n<p><a href=\"https:\/\/www.fertilizantesyabonos.com\/francais\/cristaljisa-13-40-13\/\"><img loading=\"lazy\" decoding=\"async\" class=\"alignnone wp-image-6588\" src=\"https:\/\/www.fertilizantesyabonos.com\/francais\/wp-content\/uploads\/sites\/3\/logo-cristaljisa-13-40-13.png\" alt=\"Cristaljisa Gold 13-40-13\" width=\"247\" height=\"85\"><\/a><\/p>\n<p><a href=\"https:\/\/www.fertilizantesyabonos.com\/francais\/cristaljisa-15-5-30\/\"><img loading=\"lazy\" decoding=\"async\" class=\"alignnone wp-image-6576\" src=\"https:\/\/www.fertilizantesyabonos.com\/francais\/wp-content\/uploads\/sites\/3\/cristaljisa-star-15-5-30-1.png\" alt=\"Cristaljisa star 15-5-30\" width=\"247\" height=\"92\"><\/a><\/p>\n<p><a href=\"https:\/\/www.fertilizantesyabonos.com\/francais\/cristaljisa-18-18-18\/\"><img loading=\"lazy\" decoding=\"async\" class=\"alignnone wp-image-6577\" src=\"https:\/\/www.fertilizantesyabonos.com\/francais\/wp-content\/uploads\/sites\/3\/cristaljisa-diamond-18-18-18-1.png\" alt=\"Cristaljisa diamond 18-18-18\" width=\"274\" height=\"96\"><\/a><\/p>\n<p><a href=\"https:\/\/www.fertilizantesyabonos.com\/francais\/cristaljisa-20-10-10\/\"><img loading=\"lazy\" decoding=\"async\" class=\"alignnone wp-image-6578\" src=\"https:\/\/www.fertilizantesyabonos.com\/francais\/wp-content\/uploads\/sites\/3\/cristaljisa-super-20-10-10-1.png\" alt=\"Cristaljisa super 20-10-10\" width=\"247\" height=\"93\"><\/a><\/p>\n<p>[\/et_pb_text][\/et_pb_column][et_pb_column type=\u00a0\u00bb1_2&Prime;][et_pb_image _builder_version=\u00a0\u00bb3.14&Prime; src=\u00a0\u00bbhttps:\/\/www.fertilizantesyabonos.com\/francais\/wp-content\/uploads\/sites\/3\/engrais-cristallins-.jpg\u00a0\u00bb align=\u00a0\u00bbcenter\u00a0\u00bb \/][\/et_pb_column][\/et_pb_row][\/et_pb_section][et_pb_section bb_built=\u00a0\u00bb1&Prime; admin_label=\u00a0\u00bbPlant Types\u00a0\u00bb _builder_version=\u00a0\u00bb3.12.2&Prime; border_color_all=\u00a0\u00bb#ffd07e\u00a0\u00bb border_width_right=\u00a0\u00bb3vw\u00a0\u00bb border_color_right=\u00a0\u00bbrgba(0,0,0,0)\u00a0\u00bb border_width_left=\u00a0\u00bb3vw\u00a0\u00bb custom_margin=\u00a0\u00bb|5%|8%|5%||true\u00a0\u00bb custom_margin_tablet=\u00a0\u00bb|0%|0%|0%||true\u00a0\u00bb custom_margin_last_edited=\u00a0\u00bbon|tablet\u00a0\u00bb custom_padding=\u00a0\u00bb|||\u00a0\u00bb prev_background_color=\u00a0\u00bb#000000&Prime;][et_pb_row][et_pb_column type=\u00a0\u00bb4_4&Prime;][et_pb_text admin_label=\u00a0\u00bbAutres sp\u00e9cialit\u00e9s agronutritionnelles JISA\u00a0\u00bb _builder_version=\u00a0\u00bb3.14&Prime; text_orientation=\u00a0\u00bbcenter\u00a0\u00bb]<\/p>\n<h2>Autres sp\u00e9cialit\u00e9s agronutritionnelles JISA<\/h2>\n<p>[\/et_pb_text][\/et_pb_column][\/et_pb_row][et_pb_row _builder_version=\u00a0\u00bb3.14&Prime;][et_pb_column type=\u00a0\u00bb1_4&Prime;][et_pb_text _builder_version=\u00a0\u00bb3.14&Prime; header_4_font=\u00a0\u00bb|700||on|||||\u00a0\u00bb header_4_font_size=\u00a0\u00bb12px\u00a0\u00bb header_4_letter_spacing=\u00a0\u00bb2px\u00a0\u00bb header_4_line_height=\u00a0\u00bb1.8em\u00a0\u00bb custom_margin=\u00a0\u00bb||15px|\u00a0\u00bb]<\/p>\n<h4>Biostimulants<\/h4>\n<p>[\/et_pb_text][et_pb_image src=\u00a0\u00bbhttps:\/\/www.fertilizantesyabonos.com\/francais\/wp-content\/uploads\/sites\/3\/bioestimulantes.jpg\u00a0\u00bb url=\u00a0\u00bbhttps:\/\/www.fertilizantesyabonos.com\/francais\/biostimulants\/\u00a0\u00bb use_overlay=\u00a0\u00bbon\u00a0\u00bb overlay_icon_color=\u00a0\u00bb#000000&Prime; hover_icon=\u00a0\u00bb%%5%%\u00a0\u00bb force_fullwidth=\u00a0\u00bbon\u00a0\u00bb _builder_version=\u00a0\u00bb3.14&Prime; animation_style=\u00a0\u00bbslide\u00a0\u00bb animation_direction=\u00a0\u00bbbottom\u00a0\u00bb animation_intensity_slide=\u00a0\u00bb5%\u00a0\u00bb \/][\/et_pb_column][et_pb_column type=\u00a0\u00bb1_4&Prime;][et_pb_text _builder_version=\u00a0\u00bb3.14&Prime; header_4_font=\u00a0\u00bb|700||on|||||\u00a0\u00bb header_4_font_size=\u00a0\u00bb12px\u00a0\u00bb header_4_letter_spacing=\u00a0\u00bb2px\u00a0\u00bb header_4_line_height=\u00a0\u00bb1.8em\u00a0\u00bb custom_margin=\u00a0\u00bb||15px|\u00a0\u00bb locked=\u00a0\u00bboff\u00a0\u00bb]<\/p>\n<h4>Amendements du sol<\/h4>\n<p>[\/et_pb_text][et_pb_image src=\u00a0\u00bbhttps:\/\/www.fertilizantesyabonos.com\/francais\/wp-content\/uploads\/sites\/3\/mejoradores-de-suelo.jpg\u00a0\u00bb url=\u00a0\u00bbhttps:\/\/www.fertilizantesyabonos.com\/francais\/amendments-du-sol\u00a0\u00bb use_overlay=\u00a0\u00bbon\u00a0\u00bb overlay_icon_color=\u00a0\u00bb#000000&Prime; hover_icon=\u00a0\u00bb%%5%%\u00a0\u00bb force_fullwidth=\u00a0\u00bbon\u00a0\u00bb _builder_version=\u00a0\u00bb3.14&Prime; animation_style=\u00a0\u00bbslide\u00a0\u00bb animation_direction=\u00a0\u00bbbottom\u00a0\u00bb animation_delay=\u00a0\u00bb100ms\u00a0\u00bb animation_intensity_slide=\u00a0\u00bb5%\u00a0\u00bb locked=\u00a0\u00bboff\u00a0\u00bb \/][\/et_pb_column][et_pb_column type=\u00a0\u00bb1_4&Prime;][et_pb_text _builder_version=\u00a0\u00bb3.14&Prime; header_4_font=\u00a0\u00bb|700||on|||||\u00a0\u00bb header_4_font_size=\u00a0\u00bb12px\u00a0\u00bb header_4_letter_spacing=\u00a0\u00bb2px\u00a0\u00bb header_4_line_height=\u00a0\u00bb1.8em\u00a0\u00bb custom_margin=\u00a0\u00bb||15px|\u00a0\u00bb locked=\u00a0\u00bboff\u00a0\u00bb]<\/p>\n<h4>Nutrition V\u00e9g\u00e9tale<\/h4>\n<p>[\/et_pb_text][et_pb_image src=\u00a0\u00bbhttps:\/\/www.fertilizantesyabonos.com\/francais\/wp-content\/uploads\/sites\/3\/nutricion-vegetal.jpg\u00a0\u00bb url=\u00a0\u00bbhttps:\/\/www.fertilizantesyabonos.com\/francais\/nutrition-vegetale\u00a0\u00bb use_overlay=\u00a0\u00bbon\u00a0\u00bb overlay_icon_color=\u00a0\u00bb#000000&Prime; hover_icon=\u00a0\u00bb%%5%%\u00a0\u00bb force_fullwidth=\u00a0\u00bbon\u00a0\u00bb _builder_version=\u00a0\u00bb3.14&Prime; animation_style=\u00a0\u00bbslide\u00a0\u00bb animation_direction=\u00a0\u00bbbottom\u00a0\u00bb animation_delay=\u00a0\u00bb200ms\u00a0\u00bb animation_intensity_slide=\u00a0\u00bb5%\u00a0\u00bb locked=\u00a0\u00bboff\u00a0\u00bb \/][\/et_pb_column][et_pb_column type=\u00a0\u00bb1_4&Prime;][et_pb_text _builder_version=\u00a0\u00bb3.14&Prime; header_4_font=\u00a0\u00bb|700||on|||||\u00a0\u00bb header_4_font_size=\u00a0\u00bb12px\u00a0\u00bb header_4_letter_spacing=\u00a0\u00bb2px\u00a0\u00bb header_4_line_height=\u00a0\u00bb1.8em\u00a0\u00bb custom_margin=\u00a0\u00bb||15px|\u00a0\u00bb]<\/p>\n<h4>Engrais \u00e9cologiques<\/h4>\n<p>[\/et_pb_text][et_pb_image src=\u00a0\u00bbhttps:\/\/www.fertilizantesyabonos.com\/francais\/wp-content\/uploads\/sites\/3\/abonos-ecologicos-jisa-.jpg\u00a0\u00bb url=\u00a0\u00bbhttps:\/\/www.fertilizantesyabonos.com\/francais\/engrais-ecologiques\u00a0\u00bb use_overlay=\u00a0\u00bbon\u00a0\u00bb overlay_icon_color=\u00a0\u00bb#000000&Prime; hover_icon=\u00a0\u00bb%%5%%\u00a0\u00bb force_fullwidth=\u00a0\u00bbon\u00a0\u00bb _builder_version=\u00a0\u00bb3.14&Prime; animation_style=\u00a0\u00bbslide\u00a0\u00bb animation_direction=\u00a0\u00bbbottom\u00a0\u00bb animation_delay=\u00a0\u00bb200ms\u00a0\u00bb animation_intensity_slide=\u00a0\u00bb5%\u00a0\u00bb \/][\/et_pb_column][\/et_pb_row][\/et_pb_section]<\/p>\n","protected":false},"excerpt":{"rendered":"<p><div class=\"et_pb_row et_pb_row_0 et_pb_row_empty\">\n\t\t\t\t\n\t\t\t\t\n\t\t\t\t\n\t\t\t\t\n\t\t\t\t\n\t\t\t<\/div> Engrais cristallins JISA a des produits NPK contenant des oligo\u00e9l\u00e9ments pour les applications en irrigation \u00e0 haute solubilit\u00e9 et formul\u00e9s avec les meilleures mati\u00e8res premi\u00e8res du march\u00e9. Il existe une formule pour chaque phase de culture, avec un certain \u00e9quilibre d&rsquo;\u00e9l\u00e9ments nutritifs. Nos produits: <div class=\"et_pb_row et_pb_row_1 et_pb_row_empty\">\n\t\t\t\t\n\t\t\t\t\n\t\t\t\t\n\t\t\t\t\n\t\t\t\t\n\t\t\t<\/div> Autres sp\u00e9cialit\u00e9s agronutritionnelles JISA Biostimulants Amendements du sol Nutrition [&hellip;]<\/p>\n","protected":false},"author":2,"featured_media":0,"parent":0,"menu_order":0,"comment_status":"closed","ping_status":"closed","template":"","meta":{"_et_pb_use_builder":"on","_et_pb_old_content":"","_et_gb_content_width":"","footnotes":""},"class_list":["post-2571","page","type-page","status-publish","hentry"],"_links":{"self":[{"href":"https:\/\/www.fertilizantesyabonos.com\/francais\/wp-json\/wp\/v2\/pages\/2571","targetHints":{"allow":["GET"]}}],"collection":[{"href":"https:\/\/www.fertilizantesyabonos.com\/francais\/wp-json\/wp\/v2\/pages"}],"about":[{"href":"https:\/\/www.fertilizantesyabonos.com\/francais\/wp-json\/wp\/v2\/types\/page"}],"author":[{"embeddable":true,"href":"https:\/\/www.fertilizantesyabonos.com\/francais\/wp-json\/wp\/v2\/users\/2"}],"replies":[{"embeddable":true,"href":"https:\/\/www.fertilizantesyabonos.com\/francais\/wp-json\/wp\/v2\/comments?post=2571"}],"version-history":[{"count":1,"href":"https:\/\/www.fertilizantesyabonos.com\/francais\/wp-json\/wp\/v2\/pages\/2571\/revisions"}],"predecessor-version":[{"id":3426,"href":"https:\/\/www.fertilizantesyabonos.com\/francais\/wp-json\/wp\/v2\/pages\/2571\/revisions\/3426"}],"wp:attachment":[{"href":"https:\/\/www.fertilizantesyabonos.com\/francais\/wp-json\/wp\/v2\/media?parent=2571"}],"curies":[{"name":"wp","href":"https:\/\/api.w.org\/{rel}","templated":true}]}}