{"id":2187,"date":"2019-01-17T19:21:03","date_gmt":"2019-01-17T18:21:03","guid":{"rendered":"http:\/\/www.fertilizantesyabonos.com\/francais\/?page_id=2187"},"modified":"2022-03-24T18:40:23","modified_gmt":"2022-03-24T17:40:23","slug":"nutrition-vegetale","status":"publish","type":"page","link":"https:\/\/www.fertilizantesyabonos.com\/francais\/nutrition-vegetale\/","title":{"rendered":"Nutrition v\u00e9g\u00e9tale"},"content":{"rendered":"<p>[et_pb_section bb_built=\u00a0\u00bb1&Prime; admin_label=\u00a0\u00bbHeader\u00a0\u00bb _builder_version=\u00a0\u00bb3.14&Prime; use_background_color_gradient=\u00a0\u00bbon\u00a0\u00bb background_color_gradient_start=\u00a0\u00bbrgba(248,248,248,0.84)\u00a0\u00bb background_color_gradient_end=\u00a0\u00bbrgba(255,255,255,0.7)\u00a0\u00bb background_color_gradient_type=\u00a0\u00bbradial\u00a0\u00bb background_color_gradient_direction_radial=\u00a0\u00bbtop\u00a0\u00bb background_color_gradient_start_position=\u00a0\u00bb60%\u00a0\u00bb background_color_gradient_overlays_image=\u00a0\u00bbon\u00a0\u00bb background_image=\u00a0\u00bbhttps:\/\/www.fertilizantesyabonos.com\/francais\/wp-content\/uploads\/sites\/3\/fondo-nutricion-vegetal-1.jpg\u00a0\u00bb background_size=\u00a0\u00bbinitial\u00a0\u00bb background_position=\u00a0\u00bbtop_left\u00a0\u00bb max_width_last_edited=\u00a0\u00bboff|desktop\u00a0\u00bb module_alignment=\u00a0\u00bbcenter\u00a0\u00bb custom_margin=\u00a0\u00bb-5%|5%||5%\u00a0\u00bb custom_margin_tablet=\u00a0\u00bb0%|0%||0%||true\u00a0\u00bb custom_margin_last_edited=\u00a0\u00bbon|desktop\u00a0\u00bb custom_padding=\u00a0\u00bb6vw||10vw||false|false\u00a0\u00bb next_background_color=\u00a0\u00bb#ffffff\u00a0\u00bb][et_pb_row _builder_version=\u00a0\u00bb3.14&Prime;][et_pb_column type=\u00a0\u00bb1_4&Prime;][\/et_pb_column][et_pb_column type=\u00a0\u00bb3_4&Prime;][et_pb_text _builder_version=\u00a0\u00bb3.14&Prime; text_font_size=\u00a0\u00bb16px\u00a0\u00bb text_line_height=\u00a0\u00bb1.8em\u00a0\u00bb header_font=\u00a0\u00bbFrank Ruhl Libre||||||||\u00a0\u00bb header_font_size=\u00a0\u00bb70px\u00a0\u00bb header_font_size_tablet=\u00a0\u00bb50px\u00a0\u00bb header_font_size_phone=\u00a0\u00bb32px\u00a0\u00bb header_font_size_last_edited=\u00a0\u00bbon|phone\u00a0\u00bb header_line_height=\u00a0\u00bb1.4em\u00a0\u00bb max_width=\u00a0\u00bb600px\u00a0\u00bb locked=\u00a0\u00bboff\u00a0\u00bb]<\/p>\n<h1>Nutrition v\u00e9g\u00e9tale<\/h1>\n<p>[\/et_pb_text][\/et_pb_column][\/et_pb_row][et_pb_row _builder_version=\u00a0\u00bb3.14&Prime; custom_margin=\u00a0\u00bb-5%|||\u00a0\u00bb][et_pb_column type=\u00a0\u00bb4_4&Prime;][et_pb_text _builder_version=\u00a0\u00bb3.14&Prime;]<\/p>\n<p>Une nutrition min\u00e9rale rationnelle et \u00e9quilibr\u00e9e est importante pour obtenir les objectifs de rendement et de qualit\u00e9 dans toutes les cultures.<\/p>\n<p>Le catalogue JISA offre diff\u00e9rents \u00e9quilibres de nutriments pour chaque phase ph\u00e9nologique, en mettant \u00e0 sa disposition une gamme de produits de haute qualit\u00e9, par la stabilit\u00e9 et l&rsquo;absorption rapide de tous les nutriments essentiels en nutrition v\u00e9g\u00e9tale.<\/p>\n<p>[\/et_pb_text][\/et_pb_column][\/et_pb_row][et_pb_row use_custom_gutter=\u00a0\u00bbon\u00a0\u00bb gutter_width=\u00a0\u00bb2&Prime; custom_padding=\u00a0\u00bb0|0px|0|0px|true|false\u00a0\u00bb _builder_version=\u00a0\u00bb3.14&Prime; locked=\u00a0\u00bboff\u00a0\u00bb][et_pb_column type=\u00a0\u00bb1_3&Prime;][et_pb_blurb admin_label=\u00a0\u00bbENGRAIS FOLIAIRES LIQUIDES:\u00a0\u00bb title=\u00a0\u00bbENGRAIS FOLIAIRES LIQUIDES:\u00a0\u00bb use_icon=\u00a0\u00bbon\u00a0\u00bb _builder_version=\u00a0\u00bb3.14&Prime; header_font=\u00a0\u00bb|700||on|||||\u00a0\u00bb header_font_size=\u00a0\u00bb12px\u00a0\u00bb header_letter_spacing=\u00a0\u00bb2px\u00a0\u00bb header_line_height=\u00a0\u00bb1.8em\u00a0\u00bb body_line_height=\u00a0\u00bb1.8em\u00a0\u00bb url=\u00a0\u00bbhttps:\/\/www.fertilizantesyabonos.com\/francais\/engrais-foliaires-liquides\u00a0\u00bb \/][et_pb_image admin_label=\u00a0\u00bbImage ENGRAIS FOLIAIRES LIQUIDES:\u00a0\u00bb _builder_version=\u00a0\u00bb3.14&Prime; src=\u00a0\u00bbhttps:\/\/www.fertilizantesyabonos.com\/francais\/wp-content\/uploads\/sites\/3\/engrais-foliaires-liquides-.jpg\u00a0\u00bb url=\u00a0\u00bbhttps:\/\/www.fertilizantesyabonos.com\/francais\/engrais-foliaires-liquides\u00a0\u00bb \/][et_pb_blurb admin_label=\u00a0\u00bbCorrecteurs de carences:\u00a0\u00bb title=\u00a0\u00bbCorrecteurs de carences:\u00a0\u00bb use_icon=\u00a0\u00bbon\u00a0\u00bb _builder_version=\u00a0\u00bb3.14&Prime; header_font=\u00a0\u00bb|700||on|||||\u00a0\u00bb header_font_size=\u00a0\u00bb12px\u00a0\u00bb header_letter_spacing=\u00a0\u00bb2px\u00a0\u00bb header_line_height=\u00a0\u00bb1.8em\u00a0\u00bb body_line_height=\u00a0\u00bb1.8em\u00a0\u00bb url=\u00a0\u00bbhttps:\/\/www.fertilizantesyabonos.com\/francais\/correcteurs-de-carences\u00a0\u00bb \/][et_pb_image admin_label=\u00a0\u00bbImage Correcteurs de carences:\u00a0\u00bb _builder_version=\u00a0\u00bb3.14&Prime; src=\u00a0\u00bbhttps:\/\/www.fertilizantesyabonos.com\/francais\/wp-content\/uploads\/sites\/3\/correcteurs-de-carences-.jpg\u00a0\u00bb url=\u00a0\u00bbhttps:\/\/www.fertilizantesyabonos.com\/francais\/correcteurs-de-carences\u00a0\u00bb \/][\/et_pb_column][et_pb_column type=\u00a0\u00bb1_3&Prime;][et_pb_blurb admin_label=\u00a0\u00bbEngrais cristallins:\u00a0\u00bb title=\u00a0\u00bbEngrais cristallins:\u00a0\u00bb use_icon=\u00a0\u00bbon\u00a0\u00bb _builder_version=\u00a0\u00bb3.14&Prime; header_font=\u00a0\u00bb|700||on|||||\u00a0\u00bb header_font_size=\u00a0\u00bb12px\u00a0\u00bb header_letter_spacing=\u00a0\u00bb2px\u00a0\u00bb header_line_height=\u00a0\u00bb1.8em\u00a0\u00bb body_line_height=\u00a0\u00bb1.8em\u00a0\u00bb locked=\u00a0\u00bboff\u00a0\u00bb url=\u00a0\u00bbhttps:\/\/www.fertilizantesyabonos.com\/francais\/engrais-cristallins\u00a0\u00bb \/][et_pb_image admin_label=\u00a0\u00bbImage Engrais cristallins:\u00a0\u00bb _builder_version=\u00a0\u00bb3.14&Prime; src=\u00a0\u00bbhttps:\/\/www.fertilizantesyabonos.com\/francais\/wp-content\/uploads\/sites\/3\/engrais-cristallins-.jpg\u00a0\u00bb url=\u00a0\u00bbhttps:\/\/www.fertilizantesyabonos.com\/francais\/engrais-cristallins\u00a0\u00bb \/][et_pb_blurb admin_label=\u00a0\u00bbCorrecteurs ch\u00e9lat\u00e9s:\u00a0\u00bb title=\u00a0\u00bbCorrecteurs ch\u00e9lat\u00e9s:\u00a0\u00bb use_icon=\u00a0\u00bbon\u00a0\u00bb _builder_version=\u00a0\u00bb3.14&Prime; header_font=\u00a0\u00bb|700||on|||||\u00a0\u00bb header_font_size=\u00a0\u00bb12px\u00a0\u00bb header_letter_spacing=\u00a0\u00bb2px\u00a0\u00bb header_line_height=\u00a0\u00bb1.8em\u00a0\u00bb body_line_height=\u00a0\u00bb1.8em\u00a0\u00bb url=\u00a0\u00bbhttps:\/\/www.fertilizantesyabonos.com\/francais\/correcteurs-chelates\/\u00a0\u00bb \/][et_pb_image admin_label=\u00a0\u00bbImage correcteurs-chelates\u00a0\u00bb _builder_version=\u00a0\u00bb3.14&Prime; src=\u00a0\u00bbhttps:\/\/www.fertilizantesyabonos.com\/francais\/wp-content\/uploads\/sites\/3\/correctores-quelatados.jpg\u00a0\u00bb url=\u00a0\u00bbhttps:\/\/www.fertilizantesyabonos.com\/francais\/correcteurs-chelates\u00a0\u00bb \/][\/et_pb_column][et_pb_column type=\u00a0\u00bb1_3&Prime;][et_pb_blurb admin_label=\u00a0\u00bbEngrais foliaires solides:\u00a0\u00bb title=\u00a0\u00bbEngrais foliaires solides:\u00a0\u00bb use_icon=\u00a0\u00bbon\u00a0\u00bb _builder_version=\u00a0\u00bb3.14&Prime; header_font=\u00a0\u00bb|700||on|||||\u00a0\u00bb header_font_size=\u00a0\u00bb12px\u00a0\u00bb header_letter_spacing=\u00a0\u00bb2px\u00a0\u00bb header_line_height=\u00a0\u00bb1.8em\u00a0\u00bb body_line_height=\u00a0\u00bb1.8em\u00a0\u00bb url=\u00a0\u00bbhttps:\/\/www.fertilizantesyabonos.com\/francais\/engrais-foliaires-solides\u00a0\u00bb \/][et_pb_image admin_label=\u00a0\u00bbImage Engrais foliaires solides:\u00a0\u00bb _builder_version=\u00a0\u00bb3.14&Prime; src=\u00a0\u00bbhttps:\/\/www.fertilizantesyabonos.com\/francais\/wp-content\/uploads\/sites\/3\/engrais-foliaires-solides-.jpg\u00a0\u00bb url=\u00a0\u00bbhttps:\/\/www.fertilizantesyabonos.com\/francais\/engrais-foliaires-solides\u00a0\u00bb \/][\/et_pb_column][\/et_pb_row][et_pb_row][et_pb_column type=\u00a0\u00bb4_4&Prime;][et_pb_text admin_label=\u00a0\u00bbLes nutriments essentiels\u00a0\u00bb _builder_version=\u00a0\u00bb3.14&Prime;]<\/p>\n<blockquote><p>Les nutriments essentiels au d\u00e9veloppement des plantes, en fonction des quantit\u00e9s requises par les plantes, sont les suivants:<\/p><\/blockquote>\n<h3>\u00c9l\u00e9ments fertilisants majeurs et nutriments fertilisants secondaires:<\/h3>\n<ul>\n<li><em>Azote<\/em> (<strong>N<\/strong>), favorise la croissance v\u00e9g\u00e9tative et lui donne la couleur verte aux plantes.<\/li>\n<li><em>Phosphore<\/em> (<strong>P<\/strong>), contribue au d\u00e9veloppement du syst\u00e8me radiculaire et intervient dans de nombreux processus biochimiques au niveau cellulaire.<\/li>\n<li><em>Potassium<\/em> (<strong>K<\/strong>), joue un r\u00f4le important dans l&rsquo;activation enzymatique, la photosynth\u00e8se, la synth\u00e8se des prot\u00e9ines et des carbohydrates, dans l&rsquo;\u00e9quilibre hydrique au niveau cellulaire. Il favorise la croissance v\u00e9g\u00e9tative, la fructification, la maturation et la qualit\u00e9 des fruits.<\/li>\n<li><em>Calcium<\/em> (<strong>Ca<\/strong>), stimule le d\u00e9veloppement des racines et des feuilles. Il forme des compos\u00e9s dans les parois cellulaires, il est un activateur enzymatique. Il neutralise les acides organiques dans la plante et r\u00e9duit l&rsquo;acidit\u00e9 dans le sol.<\/li>\n<li><em>Magnesium<\/em> (<strong>Mg<\/strong>), est l&rsquo;\u00e9l\u00e9ment de base de la mol\u00e9cule de chlorophylle. Il intervient \u00e0 la synth\u00e8se et \u00e0 la formation des prot\u00e9ines.<\/li>\n<li><em>Soufre<\/em> (<strong>S<\/strong>), fait partie de certaines vitamines, acides amin\u00e9s et enzymes. Il agit dans le cycle des carbohydrates et des lipides. Il intervient dans les m\u00e9canismes redox des cellules.<\/li>\n<\/ul>\n<h3>Oligo\u00e9l\u00e9ments:<\/h3>\n<ul>\n<li><em>Fer<\/em> (<strong>Fe<\/strong>) il est principalement stock\u00e9 dans des chloroplastes, donc, il joue un r\u00f4le cl\u00e9 dans le processus de photosynth\u00e8se des plantes.<\/li>\n<li><em>Mangan\u00e8se<\/em> (<strong>Mn<\/strong>), il est un composant essentiel des ribosomes des cellules et participe \u00e0 la r\u00e9duction des mol\u00e9cules (CO2, nitrite et sulfate); En plus, il participe au processus de photosynth\u00e8se dans la photolyse de l&rsquo;eau.<\/li>\n<li><em>Bore<\/em> (<strong>B<\/strong>), il est essentiel pour la croissance des grains de pollen et du tube pollinique.<br \/>\nEn plus, il intervient dans la synth\u00e8se de l&rsquo;ADN.<\/li>\n<li><em>Molybd\u00e8ne<\/em> (<strong>Mo<\/strong>), il est un constituant essentiel des enzymes li\u00e9es \u00e0 la fixation biologique de l\u2019azote et \u00e0 la r\u00e9duction du nitrate en ammonium.<\/li>\n<li><em>Zinc<\/em> (<strong>Zn<\/strong>), il fait partie de l\u2019acide amin\u00e9 tryptophane promoteur des auxines et qui catalyse la formation d&rsquo;acide carbonique dans les chloroplastes et le cytoplasme au cours du processus de photosynth\u00e8se. Il est \u00e9galement essentiel pour maintenir la perm\u00e9abilit\u00e9 des membranes.<\/li>\n<li><em>Cuivre<\/em> (<strong>Cu<\/strong>), bien que les besoins de cuivre dans les cultures soient faibles, il agit comme un compos\u00e9 m\u00e9tallique d&rsquo;enzymes et intervient \u00e9galement dans la biosynth\u00e8se des prot\u00e9ines.<\/li>\n<\/ul>\n<p>[\/et_pb_text][\/et_pb_column][\/et_pb_row][\/et_pb_section][et_pb_section bb_built=\u00a0\u00bb1&Prime; admin_label=\u00a0\u00bbOtros productos\u00a0\u00bb _builder_version=\u00a0\u00bb3.14&Prime; border_color_all=\u00a0\u00bb#ffd07e\u00a0\u00bb border_width_right=\u00a0\u00bb3vw\u00a0\u00bb border_color_right=\u00a0\u00bbrgba(0,0,0,0)\u00a0\u00bb border_width_left=\u00a0\u00bb3vw\u00a0\u00bb custom_margin=\u00a0\u00bb-5%|5%||5%\u00a0\u00bb custom_margin_tablet=\u00a0\u00bb|0%|0%|0%||true\u00a0\u00bb custom_margin_last_edited=\u00a0\u00bbon|desktop\u00a0\u00bb custom_padding=\u00a0\u00bb|||\u00a0\u00bb locked=\u00a0\u00bboff\u00a0\u00bb prev_background_color=\u00a0\u00bb#000000&Prime;][et_pb_row _builder_version=\u00a0\u00bb3.14&Prime;][et_pb_column type=\u00a0\u00bb4_4&Prime;][et_pb_text admin_label=\u00a0\u00bbAutres sp\u00e9cialit\u00e9s agronutritionnelles JISA\u00a0\u00bb _builder_version=\u00a0\u00bb3.14&Prime; header_2_font=\u00a0\u00bbFrank Ruhl Libre||||||||\u00a0\u00bb header_2_font_size=\u00a0\u00bb48px\u00a0\u00bb header_2_font_size_phone=\u00a0\u00bb28px\u00a0\u00bb header_2_font_size_last_edited=\u00a0\u00bbon|desktop\u00a0\u00bb header_2_line_height=\u00a0\u00bb1.2em\u00a0\u00bb text_orientation=\u00a0\u00bbcenter\u00a0\u00bb]<\/p>\n<h2>Autres sp\u00e9cialit\u00e9s agronutritionnelles JISA:<\/h2>\n<p>[\/et_pb_text][et_pb_divider color=\u00a0\u00bb#979797&Prime; divider_weight=\u00a0\u00bb2px\u00a0\u00bb _builder_version=\u00a0\u00bb3.12.1&Prime; max_width=\u00a0\u00bb100px\u00a0\u00bb module_alignment=\u00a0\u00bbcenter\u00a0\u00bb locked=\u00a0\u00bboff\u00a0\u00bb \/][\/et_pb_column][\/et_pb_row][et_pb_row _builder_version=\u00a0\u00bb3.12.1&Prime;][et_pb_column type=\u00a0\u00bb1_3&Prime;][et_pb_text _builder_version=\u00a0\u00bb3.14&Prime; header_4_font=\u00a0\u00bb|700||on|||||\u00a0\u00bb header_4_font_size=\u00a0\u00bb12px\u00a0\u00bb header_4_letter_spacing=\u00a0\u00bb2px\u00a0\u00bb header_4_line_height=\u00a0\u00bb1.8em\u00a0\u00bb custom_margin=\u00a0\u00bb||15px|\u00a0\u00bb]<\/p>\n<h4>Biostimulants<\/h4>\n<p>[\/et_pb_text][et_pb_image src=\u00a0\u00bbhttps:\/\/www.fertilizantesyabonos.com\/francais\/wp-content\/uploads\/sites\/3\/bioestimulantes.jpg\u00a0\u00bb force_fullwidth=\u00a0\u00bbon\u00a0\u00bb _builder_version=\u00a0\u00bb3.14&Prime; animation_style=\u00a0\u00bbslide\u00a0\u00bb animation_direction=\u00a0\u00bbbottom\u00a0\u00bb animation_intensity_slide=\u00a0\u00bb5%\u00a0\u00bb url=\u00a0\u00bbhttps:\/\/www.fertilizantesyabonos.com\/francais\/biostimulants\/\u00a0\u00bb \/][\/et_pb_column][et_pb_column type=\u00a0\u00bb1_3&Prime;][et_pb_text _builder_version=\u00a0\u00bb3.14&Prime; header_4_font=\u00a0\u00bb|700||on|||||\u00a0\u00bb header_4_font_size=\u00a0\u00bb12px\u00a0\u00bb header_4_letter_spacing=\u00a0\u00bb2px\u00a0\u00bb header_4_line_height=\u00a0\u00bb1.8em\u00a0\u00bb custom_margin=\u00a0\u00bb||15px|\u00a0\u00bb locked=\u00a0\u00bboff\u00a0\u00bb]<\/p>\n<h4>Amendements du sol<\/h4>\n<p>[\/et_pb_text][et_pb_image src=\u00a0\u00bbhttps:\/\/www.fertilizantesyabonos.com\/francais\/wp-content\/uploads\/sites\/3\/mejoradores-de-suelo.jpg\u00a0\u00bb force_fullwidth=\u00a0\u00bbon\u00a0\u00bb _builder_version=\u00a0\u00bb3.14&Prime; animation_style=\u00a0\u00bbslide\u00a0\u00bb animation_direction=\u00a0\u00bbbottom\u00a0\u00bb animation_delay=\u00a0\u00bb100ms\u00a0\u00bb animation_intensity_slide=\u00a0\u00bb5%\u00a0\u00bb locked=\u00a0\u00bboff\u00a0\u00bb url=\u00a0\u00bbhttps:\/\/www.fertilizantesyabonos.com\/francais\/amendments-du-sol\u00a0\u00bb \/][\/et_pb_column][et_pb_column type=\u00a0\u00bb1_3&Prime;][et_pb_text _builder_version=\u00a0\u00bb3.14&Prime; header_4_font=\u00a0\u00bb|700||on|||||\u00a0\u00bb header_4_font_size=\u00a0\u00bb12px\u00a0\u00bb header_4_letter_spacing=\u00a0\u00bb2px\u00a0\u00bb header_4_line_height=\u00a0\u00bb1.8em\u00a0\u00bb custom_margin=\u00a0\u00bb||15px|\u00a0\u00bb locked=\u00a0\u00bboff\u00a0\u00bb]<\/p>\n<h4>Engrais \u00e9cologiques<\/h4>\n<p>[\/et_pb_text][et_pb_image src=\u00a0\u00bbhttps:\/\/www.fertilizantesyabonos.com\/francais\/wp-content\/uploads\/sites\/3\/abonos-ecologicos-jisa-.jpg\u00a0\u00bb force_fullwidth=\u00a0\u00bbon\u00a0\u00bb _builder_version=\u00a0\u00bb3.14&Prime; animation_style=\u00a0\u00bbslide\u00a0\u00bb animation_direction=\u00a0\u00bbbottom\u00a0\u00bb animation_delay=\u00a0\u00bb200ms\u00a0\u00bb animation_intensity_slide=\u00a0\u00bb5%\u00a0\u00bb locked=\u00a0\u00bboff\u00a0\u00bb url=\u00a0\u00bbhttps:\/\/www.fertilizantesyabonos.com\/francais\/engrais-ecologiques\u00a0\u00bb \/][\/et_pb_column][\/et_pb_row][et_pb_row _builder_version=\u00a0\u00bb3.12.2&Prime;][et_pb_column type=\u00a0\u00bb4_4&Prime;][et_pb_button button_text=\u00a0\u00bbDemander notre catalogue\u00a0\u00bb button_alignment=\u00a0\u00bbcenter\u00a0\u00bb _builder_version=\u00a0\u00bb3.14&Prime; custom_button=\u00a0\u00bbon\u00a0\u00bb button_text_size=\u00a0\u00bb18px\u00a0\u00bb button_bg_color=\u00a0\u00bb#000000&Prime; button_border_color=\u00a0\u00bbrgba(0,0,0,0)\u00a0\u00bb button_border_radius=\u00a0\u00bb0px\u00a0\u00bb button_letter_spacing=\u00a0\u00bb4px\u00a0\u00bb button_font=\u00a0\u00bbFrank Ruhl Libre|700|||||||\u00a0\u00bb button_icon=\u00a0\u00bb%%3%%\u00a0\u00bb button_on_hover=\u00a0\u00bboff\u00a0\u00bb box_shadow_style=\u00a0\u00bbpreset4&Prime; box_shadow_horizontal=\u00a0\u00bb-10px\u00a0\u00bb box_shadow_vertical=\u00a0\u00bb0px\u00a0\u00bb box_shadow_color=\u00a0\u00bb#ffd07e\u00a0\u00bb background_layout=\u00a0\u00bbdark\u00a0\u00bb custom_margin=\u00a0\u00bb|||\u00a0\u00bb custom_padding=\u00a0\u00bb16px|60px|16px|60px|true|true\u00a0\u00bb animation_style=\u00a0\u00bbslide\u00a0\u00bb animation_direction=\u00a0\u00bbleft\u00a0\u00bb animation_intensity_slide=\u00a0\u00bb10%\u00a0\u00bb locked=\u00a0\u00bboff\u00a0\u00bb button_url=\u00a0\u00bbhttps:\/\/www.fertilizantesyabonos.com\/francais\/nous-contacter\u00a0\u00bb \/][\/et_pb_column][\/et_pb_row][\/et_pb_section]<\/p>\n","protected":false},"excerpt":{"rendered":"<p>Nutrition v\u00e9g\u00e9tale Une nutrition min\u00e9rale rationnelle et \u00e9quilibr\u00e9e est importante pour obtenir les objectifs de rendement et de qualit\u00e9 dans toutes les cultures. Le catalogue JISA offre diff\u00e9rents \u00e9quilibres de nutriments pour chaque phase ph\u00e9nologique, en mettant \u00e0 sa disposition une gamme de produits de haute qualit\u00e9, par la stabilit\u00e9 et l&rsquo;absorption rapide de tous [&hellip;]<\/p>\n","protected":false},"author":2,"featured_media":0,"parent":0,"menu_order":0,"comment_status":"closed","ping_status":"closed","template":"","meta":{"_et_pb_use_builder":"on","_et_pb_old_content":"","_et_gb_content_width":"","footnotes":""},"class_list":["post-2187","page","type-page","status-publish","hentry"],"_links":{"self":[{"href":"https:\/\/www.fertilizantesyabonos.com\/francais\/wp-json\/wp\/v2\/pages\/2187","targetHints":{"allow":["GET"]}}],"collection":[{"href":"https:\/\/www.fertilizantesyabonos.com\/francais\/wp-json\/wp\/v2\/pages"}],"about":[{"href":"https:\/\/www.fertilizantesyabonos.com\/francais\/wp-json\/wp\/v2\/types\/page"}],"author":[{"embeddable":true,"href":"https:\/\/www.fertilizantesyabonos.com\/francais\/wp-json\/wp\/v2\/users\/2"}],"replies":[{"embeddable":true,"href":"https:\/\/www.fertilizantesyabonos.com\/francais\/wp-json\/wp\/v2\/comments?post=2187"}],"version-history":[{"count":5,"href":"https:\/\/www.fertilizantesyabonos.com\/francais\/wp-json\/wp\/v2\/pages\/2187\/revisions"}],"predecessor-version":[{"id":3607,"href":"https:\/\/www.fertilizantesyabonos.com\/francais\/wp-json\/wp\/v2\/pages\/2187\/revisions\/3607"}],"wp:attachment":[{"href":"https:\/\/www.fertilizantesyabonos.com\/francais\/wp-json\/wp\/v2\/media?parent=2187"}],"curies":[{"name":"wp","href":"https:\/\/api.w.org\/{rel}","templated":true}]}}