{"id":1877,"date":"2018-07-10T19:12:44","date_gmt":"2018-07-10T18:12:44","guid":{"rendered":"http:\/\/www.fertilizantesyabonos.com\/francais\/?page_id=1877"},"modified":"2019-01-29T17:00:47","modified_gmt":"2019-01-29T16:00:47","slug":"politique-de-confidentialite-et-de-protection-des-donnees","status":"publish","type":"page","link":"https:\/\/www.fertilizantesyabonos.com\/francais\/politique-de-confidentialite-et-de-protection-des-donnees\/","title":{"rendered":"Politique de confidentialit\u00e9 et de protection des donn\u00e9es"},"content":{"rendered":"<p>Selon l&rsquo;\u00e9tabli sur la protection des donn\u00e9es personnelles, Jiloca Industrial, S.A. (\u00ab\u00a0Jisa\u00a0\u00bb) informe que vos donn\u00e9es personnelles fournies (\u00ab\u00a0Donn\u00e9es\u00a0\u00bb) et celles \u00e0 tout moment que vous pouvez fournir seront incorpor\u00e9es dans un fichier appartenant \u00e0 Jisa.<\/p>\n<p>\u00c0 cette fin, Jisa attire votre attention sur les informations suivantes:<\/p>\n<h3>1. RESPONSABLE<\/h3>\n<p>Jisa est responsable du traitement de leurs Donn\u00e9es:<br \/>\n\u00bb <strong>Identit\u00e9<\/strong>: Jiloca Industrial, S.A. fourni avec CIF A-44031524<br \/>\n\u00bb <strong>Adresse postale<\/strong>: Antigua Azucarera, s\/n, 44360-Santa Eulalia del Campo-Teruel<br \/>\n\u00bb <strong>Tf<\/strong>: 978 86 00 11<br \/>\n\u00bb <strong>Email<\/strong>: jisa@jisa.es<\/p>\n<h3>2. OBJETIF<\/h3>\n<p>Le but du traitement de vos Donn\u00e9es personnelles est de vous fournir les Donn\u00e9es n\u00e9cessaires que vous pouvez demander \u00e0 Jisa.<br \/>\nDans ce sens, nous vous informons que vos Donn\u00e9es ne seront pas trait\u00e9es d&rsquo;une mani\u00e8re incompatible avec les objectifs exprim\u00e9s.<\/p>\n<h3>3. TERME<\/h3>\n<p>Jisa traitera vos Donn\u00e9es pendant la p\u00e9riode de temps n\u00e9cessaire pour le bon d\u00e9veloppement de l&rsquo;objectif pour lequel ils ont \u00e9t\u00e9 fournis.<br \/>\nAu-del\u00e0 du terme susmentionn\u00e9, Jisa peut garder vos Donn\u00e9es bloqu\u00e9es aussi longtemps que n\u00e9cessaire pour garantir son droit l\u00e9gitime \u00e0 la formulation, l&rsquo;exercice et\/ou la d\u00e9fense des r\u00e9clamations de toute nature, auquel cas il adoptera les mesures techniques et organisationnelles appropri\u00e9es pour assurer une protection ad\u00e9quate des Donn\u00e9es, y compris par le chiffrement ou pseudonymisation de celui-ci.<\/p>\n<h3>4. LEGITIMATION<\/h3>\n<p>La base juridique pour le traitement de vos Donn\u00e9es est l&rsquo;ensemble des r\u00e8gles applicables \u00e0 la relation que Jisa \u00e9tablit avec vous.<\/p>\n<h3>5. DROITS<\/h3>\n<p>Nous vous informons qu&rsquo;en ce qui concerne le traitement de vos Donn\u00e9es, vous \u00eates l\u00e9galement assist\u00e9 par les Droits suivants:<br \/>\n\u00bb Droit d&rsquo;acc\u00e8s \u00e0 vos Donn\u00e9es<br \/>\n\u00bb Droit de rectifier les Donn\u00e9es inexactes qui vous concernent;<br \/>\n\u00bb Droit de supprimer vos Donn\u00e9es<br \/>\n\u00bb Droit \u00e0 la limitation du traitement<br \/>\n\u00bb Droit \u00e0 la portabilit\u00e9 de vos Donn\u00e9es;<br \/>\n\u00bb Droit de s&rsquo;opposer au traitement de vos Donn\u00e9es; et<br \/>\n\u00bb Droit de d\u00e9poser une plainte aupr\u00e8s de l&rsquo;Agence espagnole de protection des Donn\u00e9es, autorit\u00e9 de contr\u00f4le comp\u00e9tente en Espagne.<\/p>\n<p>En tant que propri\u00e9taire des donn\u00e9es que vous pouvez exercer vos droits conform\u00e9ment \u00e0 la r\u00e9glementation en vigueur et aux conditions et aux exigences de celle-ci.<\/p>\n<p>Pour exercer avant Jisa leurs droits d&rsquo;acc\u00e8s, de rectification, l&rsquo;effacement, la limitation, la portabilit\u00e9 et l&rsquo;opposition doivent prouver leur identit\u00e9 et faire votre demande par lettre \u00e0 envoyer \u00e0 Jisa par la poste ou par courrier \u00e0 l&rsquo;ancien Azucarera s\/n, 44360 Santa Eulalia del Campo, en indiquant dans l&rsquo;enveloppe \u00ab\u00a0Protection des donn\u00e9es personnelles\u00a0\u00bb, ou par email \u00e0 l&rsquo;adresse jisa@jisa.es <\/p>\n<p>Nous vous informons \u00e9galement que les droits exerc\u00e9s par la suppression, les limites et s&rsquo;y opposer, Jisa peut encore conserver vos informations dans les cas pr\u00e9vus par la loi.<\/p>\n<h3>6. DONN\u00c9ES PERSONNELLES DES TIERS<\/h3>\n<p>Au cas o\u00f9 les Donn\u00e9es personnelles fournies par vous appartenaient \u00e0 un tiers, vous garantissez que (i) vous avez inform\u00e9 le tiers de la pr\u00e9sente politique de confidentialit\u00e9; (ii) vous avez obtenu du tiers son autorisation de fournir ses Donn\u00e9es \u00e0 Jisa aux fins indiqu\u00e9es \u00e0 la section 2, et (iii) troisi\u00e8mes Donn\u00e9es fournies sont exactes et \u00e0 jour, \u00e9tant responsables de toute perte ou dommage, direct ou indirect, qui peuvent survenir \u00e0 la suite de la contribution aux Donn\u00e9es troisi\u00e8me Jisa.<\/p>\n<p><em><strong>Si vous n&rsquo;\u00eates pas d&rsquo;accord avec cette politique, veuillez ne pas fournir de Donn\u00e9es personnelles ou utiliser ce site web.<\/strong><\/em><\/p>\n","protected":false},"excerpt":{"rendered":"<p>Selon l&rsquo;\u00e9tabli sur la protection des donn\u00e9es personnelles, Jiloca Industrial, S.A. (\u00ab\u00a0Jisa\u00a0\u00bb) informe que vos donn\u00e9es personnelles fournies (\u00ab\u00a0Donn\u00e9es\u00a0\u00bb) et celles \u00e0 tout moment que vous pouvez fournir seront incorpor\u00e9es dans un fichier appartenant \u00e0 Jisa. \u00c0 cette fin, Jisa attire votre attention sur les informations suivantes: 1. RESPONSABLE Jisa est responsable du traitement de [&hellip;]<\/p>\n","protected":false},"author":2,"featured_media":0,"parent":0,"menu_order":0,"comment_status":"closed","ping_status":"closed","template":"","meta":{"_et_pb_use_builder":"","_et_pb_old_content":"","_et_gb_content_width":"","footnotes":""},"class_list":["post-1877","page","type-page","status-publish","hentry"],"_links":{"self":[{"href":"https:\/\/www.fertilizantesyabonos.com\/francais\/wp-json\/wp\/v2\/pages\/1877","targetHints":{"allow":["GET"]}}],"collection":[{"href":"https:\/\/www.fertilizantesyabonos.com\/francais\/wp-json\/wp\/v2\/pages"}],"about":[{"href":"https:\/\/www.fertilizantesyabonos.com\/francais\/wp-json\/wp\/v2\/types\/page"}],"author":[{"embeddable":true,"href":"https:\/\/www.fertilizantesyabonos.com\/francais\/wp-json\/wp\/v2\/users\/2"}],"replies":[{"embeddable":true,"href":"https:\/\/www.fertilizantesyabonos.com\/francais\/wp-json\/wp\/v2\/comments?post=1877"}],"version-history":[{"count":0,"href":"https:\/\/www.fertilizantesyabonos.com\/francais\/wp-json\/wp\/v2\/pages\/1877\/revisions"}],"wp:attachment":[{"href":"https:\/\/www.fertilizantesyabonos.com\/francais\/wp-json\/wp\/v2\/media?parent=1877"}],"curies":[{"name":"wp","href":"https:\/\/api.w.org\/{rel}","templated":true}]}}