{"id":1736,"date":"2014-03-28T16:54:30","date_gmt":"2014-03-28T15:54:30","guid":{"rendered":"http:\/\/www.fertilizantesyabonos.com\/francais\/politica-de-cookies"},"modified":"2019-01-29T17:00:13","modified_gmt":"2019-01-29T16:00:13","slug":"politique-concernant-les-cookies","status":"publish","type":"page","link":"https:\/\/www.fertilizantesyabonos.com\/francais\/politique-concernant-les-cookies\/","title":{"rendered":"Politique concernant les cookies"},"content":{"rendered":"<p>Un <em>cookie<\/em> est un petit fichier de texte log\u00e9 dans votre navigateur quand vous visitez un site web. Son but est de permettre au Web de se rappeler de votre visite la prochaine fois que vous naviguez sur cette page. Les <em>cookies<\/em> stockent des informations de nature technique, pr\u00e9f\u00e9rences personnelles, personnalisation de contenus, statistiques d\u2019usage, liens \u00e0 des r\u00e9seaux sociaux, acc\u00e8s \u00e0 des comptes d\u2019utilisateur, etc. L\u2019objectif du <em>cookie<\/em> est d\u2019adapter le contenu du web \u00e0 votre profil et \u00e0 vos besoins, sans cookies, les services offerts par n\u2019importe quelle page seraient sensiblement diminu\u00e9s. Pour obtenir de plus amples informations sur ce que sont des <em>cookies<\/em>, quelles donn\u00e9s sont enregistr\u00e9es, comment les \u00e9liminer ou les d\u00e9sactiver, etc. <a href=\"https:\/\/www.fertilizantesyabonos.com\/francais\/plus-dinformation-sur-les-cookies\/\"> veuillez cliquer sur ce lien.<\/a><\/p>\n<h2>Cookies utilis\u00e9s dans ce site<\/h2>\n<p>En vertu des directives de l\u2019Agence espagnole de Protection de Donn\u00e9es, on proc\u00e8de \u00e0 d\u00e9tailler l\u2019utilisation de <em>cookies<\/em> de la part de ce site web afin de vous informer avec le plus d\u2019exactitude possible.<\/p>\n<p>Le pr\u00e9sent site web utilise les <strong>cookies propres<\/strong> suivants:<\/p>\n<ul>\n<li>Cookies de sesi\u00f3n, pour garantir que les utilisateurs qui \u00e9crivent des commentaires sur le blog soient des humaines, et pas des applications automatis\u00e9es. C\u2019est ainsi qu\u2019on combatte le <em>spam<\/em>.<\/li>\n<\/ul>\n<p>Le pr\u00e9sent site web utilise les <strong>cookies tiers<\/strong> suivants::<\/p>\n<ul>\n<li>Google Analytics: Il stocke des <em>cookies<\/em> pour pouvoir \u00e9tablir statistiques sur le trafic et le volume de visites de ce site. En utilisant ce site web, vous donnez votre accord au traitement que Google fait de vos donn\u00e9es. Pour faire l\u2019exercice de n\u2019importe quel droit dans ce sens vous devez donc vous communiquer directement avec Google.<\/li>\n<li>R\u00e9seaux sociaux: Chaque r\u00e9seau social utilise ses propres <em>cookies<\/em> pour que vous pouvez faire clic sur des boutons comme <em>J\u2019aime<\/em> o <em>Partager<\/em>, etc.<\/li>\n<\/ul>\n<h2>D\u00e9sactivation ou suppression de cookies<\/h2>\n<p>Vous pourrez d\u00e9sactiver ou supprimer les cookies de ce site web \u00e0 tout moment. Ces actions seront r\u00e9alis\u00e9es diff\u00e9remment en fonction du navigateur que vous utilisez. <a href=\"https:\/\/www.fertilizantesyabonos.com\/francais\/plus-dinformation-sur-les-cookies\/#navegadores\">Voici une guide rapide pour les navigateurs les plus populaires<\/a>.<\/p>\n<h2>Information compl\u00e9mentaire<\/h2>\n<ul>\n<li>Ni ce site web ni ses repr\u00e9sentants l\u00e9gaux ne sont responsables du contenu ou de la v\u00e9racit\u00e9 des politiques de confidentialit\u00e9 que les tiers mentionn\u00e9s dans cette politique de <em>cookies<\/em> puissent avoir.<\/li>\n<li>Les navigateurs web sont les outils charg\u00e9s de stocker les <em>cookies<\/em> et c\u2019est depuis ces navigateurs que vous devez exercer votre droit de les supprimer ou d\u00e9sactiver. Ni ce web ni ses repr\u00e9sentants l\u00e9gaux ne peuvent garantir la correcte ou incorrecte utilisation des cookies par les navigateurs.<\/li>\n<li>Dans certains cas, il s\u2019av\u00e8re n\u00e9cessaire d\u2019installer des <em>cookies<\/em> pour que le navigateur n\u2019oublie pas sa d\u00e9cision de ne pas accepter le m\u00eames.<\/li>\n<li>Dans le cas de Google Analytics, cette entreprise stocke les cookies dans des serveurs plac\u00e9s aux \u00c9tats-Unis et s\u2019engage \u00e0 ne par les partager avec des tiers, sauf dans les cas o\u00f9 il est n\u00e9cessaire pour le bon fonctionnement du syst\u00e8me ou que la loi y oblige. Selon Google, il ne garde pas la direction IP. Google Inc. est une entreprise adh\u00e9r\u00e9 \u00e0 la Sph\u00e8re de s\u00e9curit\u00e9 qui garantit que toutes les donn\u00e9es seront trait\u00e9es avec un niveau de protection conform\u00e9ment aux normes europ\u00e9ennes. our plus d\u2019informations, veuillez cliquer sur <a href=\"http:\/\/safeharbor.export.gov\/companyinfo.aspx?id=16626\" target=\"_blank\">ce lien<\/a>. Pour plus d\u2019informations sur l\u2019usage que Google fait des cookies <a href=\"https:\/\/developers.google.com\/analytics\/devguides\/collection\/analyticsjs\/cookie-usage?hl=es&amp;csw=1\" target=\"_blank\">vous pouvez cliquer sur cet autre lien<\/a>.<\/li>\n<li>Si vous avez un doute \u00e0 propos de cette politique concernant les <em>cookies<\/em>, n\u2019h\u00e9sitez pas \u00e0 vous communiquer avec nous \u00e0 travers la section de contact.<\/li>\n<\/ul>\n","protected":false},"excerpt":{"rendered":"<p>Un cookie est un petit fichier de texte log\u00e9 dans votre navigateur quand vous visitez un site web. Son but est de permettre au Web de se rappeler de votre visite la prochaine fois que vous naviguez sur cette page. Les cookies stockent des informations de nature technique, pr\u00e9f\u00e9rences personnelles, personnalisation de contenus, statistiques d\u2019usage, [&hellip;]<\/p>\n","protected":false},"author":2,"featured_media":0,"parent":0,"menu_order":0,"comment_status":"closed","ping_status":"closed","template":"","meta":{"_et_pb_use_builder":"","_et_pb_old_content":"","_et_gb_content_width":"","footnotes":""},"class_list":["post-1736","page","type-page","status-publish","hentry"],"_links":{"self":[{"href":"https:\/\/www.fertilizantesyabonos.com\/francais\/wp-json\/wp\/v2\/pages\/1736","targetHints":{"allow":["GET"]}}],"collection":[{"href":"https:\/\/www.fertilizantesyabonos.com\/francais\/wp-json\/wp\/v2\/pages"}],"about":[{"href":"https:\/\/www.fertilizantesyabonos.com\/francais\/wp-json\/wp\/v2\/types\/page"}],"author":[{"embeddable":true,"href":"https:\/\/www.fertilizantesyabonos.com\/francais\/wp-json\/wp\/v2\/users\/2"}],"replies":[{"embeddable":true,"href":"https:\/\/www.fertilizantesyabonos.com\/francais\/wp-json\/wp\/v2\/comments?post=1736"}],"version-history":[{"count":0,"href":"https:\/\/www.fertilizantesyabonos.com\/francais\/wp-json\/wp\/v2\/pages\/1736\/revisions"}],"wp:attachment":[{"href":"https:\/\/www.fertilizantesyabonos.com\/francais\/wp-json\/wp\/v2\/media?parent=1736"}],"curies":[{"name":"wp","href":"https:\/\/api.w.org\/{rel}","templated":true}]}}