{"id":1735,"date":"2014-03-28T16:54:30","date_gmt":"2014-03-28T15:54:30","guid":{"rendered":"http:\/\/www.fertilizantesyabonos.com\/francais\/mas-informacion-sobre-las-cookies"},"modified":"2014-03-28T16:59:10","modified_gmt":"2014-03-28T15:59:10","slug":"plus-dinformation-sur-les-cookies","status":"publish","type":"page","link":"https:\/\/www.fertilizantesyabonos.com\/francais\/plus-dinformation-sur-les-cookies\/","title":{"rendered":"Plus d\u2019information sur les cookies"},"content":{"rendered":"<h2>Qu\u2019est-ce que c\u2019est un cookie?<\/h2>\n<p>Un <em>cookie<\/em> est un fichier de texte <strong>inoffensif<\/strong> log\u00e9 dans votre navigateur quand vous visitez un site web. Son but est de permettre au Web de se rappeler de votre visite la prochaine fois que vous visitez cette page. M\u00eame si beaucoup de monde ne le sait pas, les <em>cookies<\/em> sont utilis\u00e9s depuis 20 ans, quand les premiers navigateurs ont apparu pour la World Wide Web.<\/p>\n<h2>Un cookie n\u2019est pas\u2026<\/h2>\n<p>N\u2019est pas un virus, un cheval de Troie, un vers, un espion ou un \u00e9cran pop-up.<\/p>\n<h2>Quel genre d&rsquo;informations sont stock\u00e9es par un <em>cookie<\/em>?<\/h2>\n<p>En g\u00e9n\u00e9ral, les <em>cookies<\/em> ne gardent pas d\u2019informations sensibles sur vous, comme cartes de cr\u00e9dit ou donn\u00e9es bancaires, photos, carte d\u2019identit\u00e9, etc. Les donn\u00e9s qui sont stock\u00e9s sont de nature technique, pr\u00e9f\u00e9rences personnelles, personnalisation de contenus, etc.<\/p>\n<p>Le serveur web ne vous associe pas comme une personne, mais \u00e0 votre navigateur. En fait, si vous naviguez fr\u00e9quemment avec Internet Explorer et vous essayez de naviguer sur le m\u00eame site avec Firefox ou Chrome, vous allez voir que le web ne se rend compte que c\u2019est vous la m\u00eame personne parce que, en r\u00e9alit\u00e9, il est associ\u00e9 au navigateur, pas \u00e0 la personne.<\/p>\n<h2>Quels sont les types de <em>cookies<\/em>?<\/h2>\n<ul>\n<li><em>Cookies techniques<\/em>: Ce sont les plus \u00e9l\u00e9mentaires et permettent de savoir si c&rsquo;est une personne ou une application automatis\u00e9e qui navigue, si c\u2019est un utilisateur anonyme ou enregistr\u00e9, taches de base pour le bon fonctionnement d\u2019un site. <\/li>\n<li><em>Cookies d\u2019analyse<\/em>: Ils obtiennent des donn\u00e9s sur le type de navigation qu&rsquo;on r\u00e9alise, les sections les plus utilis\u00e9es, produits consult\u00e9s, frange horaire, langue, etc.<\/li>\n<li><em>Cookies publicitaires<\/em>: Ils montrent publicit\u00e9 en fonction de votre navigation, votre pays, votre langue, etc.<\/li>\n<\/ul>\n<h2>Qu\u2019est-ce que c\u2019est les <em>cookies<\/em> propres et de tiers?<\/h2>\n<p>Les <em>cookies propres<\/em> sont g\u00e9n\u00e9r\u00e9s par la page que vous visitez et ceux de <em>tiers<\/em> sont g\u00e9n\u00e9r\u00e9s par des services externes comme Facebook, Twitter, Google, etc. <\/p>\n<h2>Qu\u2019est-ce qui se passe si je d\u00e9sactive les <em>cookies<\/em>?<\/h2>\n<p>Pour que vous compreniez les d\u00e9savantages de d\u00e9sactiver les <em>cookies<\/em>, on vous montre quelques exemples:<\/p>\n<ul>\n<li>Vous ne pourrez pas partager des contenus de ce site sur Facebook, Twitter ou sur n\u2019importe quel autre r\u00e9seau social.<\/li>\n<li>Le site web ne pourra pas adapter les contenus \u00e0 vos pr\u00e9f\u00e9rences personnelles, comme dans les magasins en ligne.<\/li>\n<li>Vous ne pourrez pas aller sur les sections personnelles de ce web, comme <em>Mon compte<\/em>, <em>Mon profil<\/em> ou <em>Mes commandes<\/em>.<\/li>\n<li>Magasins en ligne: Il vous sera impossible de faire des achats en ligne. <\/li>\n<li>Vous ne pourrez pas personnaliser vos pr\u00e9f\u00e9rences g\u00e9ographiques, comme frange horaire, devise ou langue.<\/li>\n<li>Le site web ne pourra pas r\u00e9aliser analyses web sur visiteurs et trafic sur le web, ce qui emp\u00eachera que la page soit comp\u00e9titive.<\/li>\n<li>Vous ne pourrez pas \u00e9crire sur le blog, mettre des photos, publier des commentaires, \u00e9valuer ou noter des contenus. Le web ne pourra pas savoir si vous \u00eates un humain ou une application automatis\u00e9e qui publie du <em>spam<\/em>.<\/li>\n<li>La publicit\u00e9 sectoris\u00e9e ne pourra pas \u00eatre montr\u00e9, ce qui r\u00e9duira les recettes publicitaires du web.<\/li>\n<li>Tous les r\u00e9seaux sociaux utilisent des <em>cookies<\/em>, si vous les d\u00e9sactivez, vous ne pourrez pas utiliser aucun r\u00e9seau social.<\/li>\n<\/ul>\n<h2>Peut-on supprimer les <em>cookies<\/em>?<\/h2>\n<p>Oui. Et non seulement supprimer, mais aussi les bloquer, de fa\u00e7on g\u00e9n\u00e9rale ou particuli\u00e8re pour un domaine sp\u00e9cifique.<\/p>\n<p>Pour supprimer les <em>cookies<\/em> d\u2019un site web vous devez aller sur la configuration de votre navigateur. L\u00e0, vous pourrez trouver les cookies et les \u00e9liminer.<\/p>\n<h2 id=\"navegadores\">Configuration de <em>cookies<\/em> pour les navigateurs les plus populaires<\/h2>\n<p>Vous pouvez lire ensuite comment avoir acc\u00e8s \u00e0 un <em>cookie<\/em> du navigateur <strong>Chrome<\/strong>. Note: ces \u00e9tapes peuvent varier en fonction de la version du navigateur.:<\/p>\n<ol>\n<li>Allez sur <em>Param\u00e8tres<\/em> dans le menu <em>Fichier<\/em> ou en cliquant sur l\u2019ic\u00f4ne de personnalisation dans la barre d\u2019outils du navigateur.<\/li>\n<li>Vous allez voir diff\u00e9rentes sections. Faites clic sur <em>Afficher les param\u00e8tres avanc\u00e9es<\/em>.<\/li>\n<li>S\u00e9lectionnez <em>Confidentialit\u00e9<\/em>, <em>3. Param\u00e8tres de contenu<\/em>.<\/li>\n<li>Cliquez sur <em>Cookies et donn\u00e9es de site<\/em>.<\/li>\n<li>Vous allez voir une liste avec tous les cookies organis\u00e9s par domaine. Il sera plus facile si vous \u00e9crivez partiale ou totalement la direction d\u2019un domaine sur <em>Chercher cookies<\/em>. <\/li>\n<li>Apr\u00e8s r\u00e9aliser ce filtre, les <em>cookies<\/em> du web appara\u00eetront sur l\u2019\u00e9cran. Vous devez le s\u00e9lectionner et puis cliquer sur X pour le supprimer.<\/li>\n<\/ol>\n<p>Pour avoir acc\u00e8s \u00e0 la configuration de cookies du navigateur <strong>Internet Explorer<\/strong>, suivez les \u00e9tapes ci-dessous (elles peuvent varier en fonction de la version du navigateur):<\/p>\n<ol>\n<li>Cliquez sur <em>Outils<\/em>, <em>Options Internet<\/em><\/li>\n<li>Cliquez sur <em>S\u00e9curit\u00e9<\/em>.<\/li>\n<li>Cliquez sur la zone de contenu Web souhait\u00e9e, puis cliquez sur <em>Personnaliser le niveau<\/em>.<\/li>\n<\/ol>\n<p>Pour avoir acc\u00e8s \u00e0 la configuration de <em>cookies<\/em> du navigateur <strong>Firefox<\/strong>, suivez les \u00e9tapes ci-dessous (elles peuvent varier en fonction de la version du navigateur):<\/p>\n<ol>\n<li>S\u00e9lectionnez <em>Options<\/em> o <em>Param\u00e8tres<\/em> selon votre syst\u00e8me d\u2019exploitation.<\/li>\n<li>Cliquez sur <em>Vie Priv\u00e9<\/em>.<\/li>\n<li>Dans la zone <em>Historique<\/em> s\u00e9lectionnez <em>Utiliser les param\u00e8tres personnalis\u00e9s pour l\u2019historique<\/em>.<\/li>\n<li>Vous pourrez voir la case <em>Accepter les cookies<\/em>. Vous pouvez les activer ou les d\u00e9sactiver.<\/li>\n<\/ol>\n<p>Pour avoir acc\u00e8s \u00e0 la configuration de <em>cookies<\/em> du navigateur <strong>Safari pour OSX<\/strong>, suivez les \u00e9tapes ci-dessous (elles peuvent varier en fonction de la version du navigateur):<\/p>\n<ol>\n<li>S\u00e9lectionnez <em>Param\u00e8tres<\/em>, puis <em>Confidentialit\u00e9<\/em>.<\/li>\n<li>Cliquez sur <em>Bloquer cookies<\/em> pour r\u00e9gler le type de blocage souhait\u00e9.<\/li>\n<\/ol>\n<p>Pour avoir acc\u00e8s \u00e0 la configuration de cookies du navigateur <strong>Safari pour iOS<\/strong>, suivez les \u00e9tapes ci-dessous (elles peuvent varier en fonction de la version du navigateur):<\/p>\n<ol>\n<li>S\u00e9lectionnez <em>Param\u00e8tres<\/em>, puis <em>Safari<\/em>.<\/li>\n<li>Dans <em>Confidentialit\u00e9 et S\u00e9curit\u00e9<\/em>, cliquez sur <em>Bloquer cookies<\/em> 2. pour r\u00e9gler le type de blocage souhait\u00e9.<\/li>\n<\/ol>\n<p>Pour avoir acc\u00e8s \u00e0 la configuration de <em>cookies<\/em> du navigateur <strong>Android<\/strong>, suivez les \u00e9tapes ci-dessous (elles peuvent varier en fonction de la version du navigateur):<\/p>\n<ol>\n<li>Ouvrez le navigateur et cliquer sur <em>Menu<\/em>, puis <em>Param\u00e8tres<\/em>.<\/li>\n<li>Dans <em>Confidentialit\u00e9<\/em>, cliquez sur <em>Accepter cookies<\/em> pour activer ou d\u00e9sactiver la case.<\/li>\n<\/ol>\n<p>Pour avoir acc\u00e8s \u00e0 la configuration de <em>cookies<\/em> du navigateur <strong>Windows Phone<\/strong>, suivez les \u00e9tapes ci-dessous (elles peuvent varier en fonction de la version du navigateur):<\/p>\n<ol>\n<li>Ouvrez <em>Internet Explorer<\/em>, puis <em>Autres<\/em>, puis <em>Param\u00e8tres<\/em><\/li>\n<li>Activez ou d\u00e9sactivez l\u2019option <em>Autoriser les cookies sur mon t\u00e9l\u00e9phone<\/em>.<\/li>\n<\/ol>\n","protected":false},"excerpt":{"rendered":"<p>Qu\u2019est-ce que c\u2019est un cookie? Un cookie est un fichier de texte inoffensif log\u00e9 dans votre navigateur quand vous visitez un site web. Son but est de permettre au Web de se rappeler de votre visite la prochaine fois que vous visitez cette page. M\u00eame si beaucoup de monde ne le sait pas, les cookies [&hellip;]<\/p>\n","protected":false},"author":2,"featured_media":0,"parent":0,"menu_order":0,"comment_status":"closed","ping_status":"closed","template":"","meta":{"_et_pb_use_builder":"","_et_pb_old_content":"","_et_gb_content_width":"","footnotes":""},"class_list":["post-1735","page","type-page","status-publish","hentry"],"_links":{"self":[{"href":"https:\/\/www.fertilizantesyabonos.com\/francais\/wp-json\/wp\/v2\/pages\/1735","targetHints":{"allow":["GET"]}}],"collection":[{"href":"https:\/\/www.fertilizantesyabonos.com\/francais\/wp-json\/wp\/v2\/pages"}],"about":[{"href":"https:\/\/www.fertilizantesyabonos.com\/francais\/wp-json\/wp\/v2\/types\/page"}],"author":[{"embeddable":true,"href":"https:\/\/www.fertilizantesyabonos.com\/francais\/wp-json\/wp\/v2\/users\/2"}],"replies":[{"embeddable":true,"href":"https:\/\/www.fertilizantesyabonos.com\/francais\/wp-json\/wp\/v2\/comments?post=1735"}],"version-history":[{"count":0,"href":"https:\/\/www.fertilizantesyabonos.com\/francais\/wp-json\/wp\/v2\/pages\/1735\/revisions"}],"wp:attachment":[{"href":"https:\/\/www.fertilizantesyabonos.com\/francais\/wp-json\/wp\/v2\/media?parent=1735"}],"curies":[{"name":"wp","href":"https:\/\/api.w.org\/{rel}","templated":true}]}}