{"id":1468,"date":"2014-02-12T19:34:14","date_gmt":"2014-02-12T18:34:14","guid":{"rendered":"http:\/\/www.fertilizantesyabonos.com\/francais\/?page_id=1468"},"modified":"2022-03-28T08:20:18","modified_gmt":"2022-03-28T07:20:18","slug":"registre-reach","status":"publish","type":"page","link":"https:\/\/www.fertilizantesyabonos.com\/francais\/registre-reach\/","title":{"rendered":"Registre REACH"},"content":{"rendered":"<p><strong>JISA<\/strong>, obtient le <strong>Reach Registre Europ\u00e9en des Acides Humiques<\/strong> avec le num\u00e9ro: <strong>01-2119484861-29-0003<\/strong><\/p>\n<p>Le <strong>registre REACH<\/strong> est le r\u00e8glement Europ\u00e9en qui d\u00e9finit le cadre l\u00e9gislatif relatif aux Produits Chimiques et a \u00e9t\u00e9 adopt\u00e9 pour am\u00e9liorer la protection de la sant\u00e9 humaine et l\u2019environnement face aux risques qui peuvent supposer les substances chimiques, tandis qu\u2019il am\u00e9liore la comp\u00e9titivit\u00e9 de l\u2019industrie chimique de l\u2019UE. Il favorise aussi des m\u00e9thodes alternatives pour l\u2019\u00e9valuation des risques des substances chimiques afin de r\u00e9duire le nombre d\u2019essais dans des animaux.<\/p>\n<p>Ce r\u00e8glement est consid\u00e9r\u00e9 comme l\u2019un des plus grandes d\u00e9fis pour l\u2019industrie chimique de ce si\u00e8cle, jusqu\u2019au point d\u2019en faire une r\u00e9f\u00e9rence internationale.<\/p>\n<h4>Num\u00e9ro de Reach Registre Europ\u00e9en <strong>01-2119484861-29-0003<\/strong><\/h4>\n","protected":false},"excerpt":{"rendered":"<p>JISA, obtient le Reach Registre Europ\u00e9en des Acides Humiques avec le num\u00e9ro: 01-2119484861-29-0003 Le registre REACH est le r\u00e8glement Europ\u00e9en qui d\u00e9finit le cadre l\u00e9gislatif relatif aux Produits Chimiques et a \u00e9t\u00e9 adopt\u00e9 pour am\u00e9liorer la protection de la sant\u00e9 humaine et l\u2019environnement face aux risques qui peuvent supposer les substances chimiques, tandis qu\u2019il am\u00e9liore [&hellip;]<\/p>\n","protected":false},"author":2,"featured_media":0,"parent":0,"menu_order":0,"comment_status":"open","ping_status":"closed","template":"","meta":{"_et_pb_use_builder":"","_et_pb_old_content":"","_et_gb_content_width":"","footnotes":""},"class_list":["post-1468","page","type-page","status-publish","hentry"],"_links":{"self":[{"href":"https:\/\/www.fertilizantesyabonos.com\/francais\/wp-json\/wp\/v2\/pages\/1468","targetHints":{"allow":["GET"]}}],"collection":[{"href":"https:\/\/www.fertilizantesyabonos.com\/francais\/wp-json\/wp\/v2\/pages"}],"about":[{"href":"https:\/\/www.fertilizantesyabonos.com\/francais\/wp-json\/wp\/v2\/types\/page"}],"author":[{"embeddable":true,"href":"https:\/\/www.fertilizantesyabonos.com\/francais\/wp-json\/wp\/v2\/users\/2"}],"replies":[{"embeddable":true,"href":"https:\/\/www.fertilizantesyabonos.com\/francais\/wp-json\/wp\/v2\/comments?post=1468"}],"version-history":[{"count":2,"href":"https:\/\/www.fertilizantesyabonos.com\/francais\/wp-json\/wp\/v2\/pages\/1468\/revisions"}],"predecessor-version":[{"id":3610,"href":"https:\/\/www.fertilizantesyabonos.com\/francais\/wp-json\/wp\/v2\/pages\/1468\/revisions\/3610"}],"wp:attachment":[{"href":"https:\/\/www.fertilizantesyabonos.com\/francais\/wp-json\/wp\/v2\/media?parent=1468"}],"curies":[{"name":"wp","href":"https:\/\/api.w.org\/{rel}","templated":true}]}}